{"id":495,"date":"2020-07-08T14:33:30","date_gmt":"2020-07-08T21:33:30","guid":{"rendered":"https:\/\/acpro-aocrp.ca\/?page_id=495"},"modified":"2023-02-17T15:21:57","modified_gmt":"2023-02-17T23:21:57","slug":"faq","status":"publish","type":"page","link":"https:\/\/acpro-aocrp.ca\/fr\/candidats-formes-a-letranger\/faq\/","title":{"rendered":"FAQ"},"content":{"rendered":"<h2>Demande d\u2019agr\u00e9ment, \u00e9tape 1 (ICD)<strong>\u00a0<\/strong><\/h2>\n<p><strong>Qu\u2019est-ce que ICD\u00a0?<br \/>\n<\/strong>Si vous avez suivi une formation de psychologue dans un pays autre que le Canada ou les \u00c9tats-Unis et que vous souhaitez obtenir l\u2019autorisation d\u2019exercer la profession de psychologue dans l\u2019un des territoires de comp\u00e9tence participants au Canada, vous devez d\u2019abord pr\u00e9senter une demande aupr\u00e8s du service de v\u00e9rification des titres de comp\u00e9tence (Credentials Evaluation Service) de ICD, une division de CGFNS.<\/p>\n<p>Cette m\u00e9thode s\u00e9curitaire et directe permet aux psychologues form\u00e9s \u00e0 l\u2019\u00e9tranger (\u00e0 l\u2019exception des personnes autoris\u00e9es \u00e0 exercer aux \u00c9tats-Unis\u00a0: voir <a href=\"https:\/\/acpro-aocrp.ca\/fr\/candidats-formes-au-canada-et-aux-etats-unis\/\">Candidats form\u00e9s au Canada et aux \u00c9tats-Unis<\/a>) de faire v\u00e9rifier et authentifier leurs titres de comp\u00e9tence. La d\u00e9marche permet de confirmer votre identit\u00e9 et la conformit\u00e9 de votre formation et de votre exp\u00e9rience de travail avec les exigences de la pratique au Canada.<\/p>\n<p>ICD International v\u00e9rifie et authentifie vos preuves d\u2019identit\u00e9, vos titres de comp\u00e9tence universitaires et professionnels, et vos emplois en tant que psychologue. L\u2019organisme r\u00e9dige ensuite un rapport que vous devez revoir et autoriser avant que ICD ne le transmette \u00e0 l\u2019organisme de r\u00e9glementation\u00a0 (membre de l\u2019AOCRP) de la province ou du territoire participant o\u00f9 vous souhaitez exercer la profession de psychologue. Une fois que l\u2019organisme aura re\u00e7u ce rapport, on vous informera des \u00e9tapes suivantes.<strong>\u00a0<\/strong><\/p>\n<p><strong>Quels documents dois-je soumettre \u00e0 ICD\u00a0?<br \/>\n<\/strong>Pour en savoir plus, visitez le <a href=\"https:\/\/acpro.icdeval.com\/fr\/\"><u>Portail des candidats ICD<\/u><\/a>.<\/p>\n<p><strong>Mes documents doivent-ils \u00eatre traduits par ICD\u00a0?<\/strong><br \/>\nICD exige que les documents soient traduits en fran\u00e7ais ou en anglais. Pour en savoir plus, voir <a href=\"https:\/\/acpro-aocrp.ca\/fr\/candidats-formes-a-letranger\/le-processus-de-demande\/\"><u>Le processus de demande<\/u><\/a>.<\/p>\n<p><strong>Pourquoi faut-il que je fasse v\u00e9rifier mes titres de comp\u00e9tence par ICD\u00a0?<\/strong><br \/>\nICD International est sp\u00e9cialis\u00e9 dans la v\u00e9rification et l\u2019authentification des documents.<\/p>\n<p><strong>Est-ce que je devrai t\u00e9l\u00e9verser mes documents num\u00e9ris\u00e9s\u00a0?<\/strong><br \/>\nOui. Cela fait partie de la d\u00e9marche de v\u00e9rification des titres de comp\u00e9tence que vous devez entreprendre aupr\u00e8s de ICD.<\/p>\n<p><strong>Quel est le co\u00fbt d\u2019une demande d\u2019agr\u00e9ment \u00e0 un organisme de r\u00e9glementation d\u2019une province ou d\u2019un territoire participant\u00a0? <\/strong><br \/>\nPour conna\u00eetre les co\u00fbts, voir <a href=\"https:\/\/acpro-aocrp.ca\/fr\/candidats-formes-a-letranger\/avant-de-presenter-une-demande\/\"><u>Avant de pr\u00e9senter une demande<\/u><\/a>.<\/p>\n<p><strong>Combien de temps faut-il pr\u00e9voir pour la d\u00e9marche\u00a0?<\/strong><br \/>\nLa v\u00e9rification des titres de comp\u00e9tence exigera environ 30 jours ouvrables une fois que ICD aura re\u00e7u tous les documents exig\u00e9s. Ensuite, le processus d\u2019\u00e9valuation varie selon le territoire de comp\u00e9tence et selon la nature de votre demande. \u00c0 ce sujet, voir <a href=\"https:\/\/acpro-aocrp.ca\/fr\/candidats-formes-a-letranger\/exigences-relatives-aux-demandes-de-permis-selon-le-territoire-de-competence\/\"><u>Exigences relatives aux demandes de permis selon le territoire de comp\u00e9tence<\/u><\/a>.<\/p>\n<p><strong>Comment puis-je v\u00e9rifier o\u00f9 en est le traitement de ma demande aupr\u00e8s de ICD\u00a0?<\/strong><br \/>\nPour savoir o\u00f9 en est le traitement de votre demande, connectez-vous au <a href=\"https:\/\/acpro.icdeval.com\/fr\/\"><u>Portail des candidats ICD<\/u><\/a>.<\/p>\n<h2>Demande d\u2019agr\u00e9ment, \u00e9tape 2<strong>\u00a0<\/strong><\/h2>\n<p><strong>Que dois-je faire pour pr\u00e9senter une demande d\u2019agr\u00e9ment\u00a0?<\/strong><br \/>\nICD ayant v\u00e9rifi\u00e9 et authentifi\u00e9 vos titres de comp\u00e9tence, on vous invitera \u00e0 pr\u00e9senter votre demande \u00e0 l\u2019organisme de r\u00e9glementation de la province ou du territoire participant o\u00f9 vous voulez \u00eatre autoris\u00e9 \u00e0 pratiquer.<\/p>\n<p><strong>Est-ce que je dois soumettre mes documents \u00e0 l\u2019organisme de r\u00e9glementation de la province ou du territoire participant o\u00f9 je souhaite \u00eatre autoris\u00e9 \u00e0 pratiquer\u00a0?<\/strong><br \/>\nICD transmettra vos documents directement \u00e0 l\u2019organisme de r\u00e9glementation.<\/p>\n<p><strong>Dois-je subir une v\u00e9rification du casier judiciaire\u00a0? <\/strong><br \/>\nOui. ICD vous dira \u00e0 quel moment faire cette d\u00e9marche et vous indiquera la marche \u00e0 suivre.<\/p>\n<p><strong>Puis-je retirer ma demande\u00a0?<\/strong><br \/>\nVous pouvez retirer votre demande \u00e0 tout moment. Cependant, si vous avez vers\u00e9 des frais, ils ne seront pas rembours\u00e9s.<\/p>\n","protected":false},"excerpt":{"rendered":"<p>Demande d\u2019agr\u00e9ment, \u00e9tape 1 (ICD)\u00a0 Qu\u2019est-ce que ICD\u00a0? Si vous avez suivi une formation de psychologue dans un pays autre que le Canada ou les \u00c9tats-Unis et que vous souhaitez obtenir l\u2019autorisation d\u2019exercer la profession de psychologue dans l\u2019un des territoires de comp\u00e9tence participants au Canada, vous devez d\u2019abord pr\u00e9senter une demande aupr\u00e8s du service [&hellip;]<\/p>\n <a href=\"https:\/\/acpro-aocrp.ca\/fr\/candidats-formes-a-letranger\/faq\/\" class=\"more-link\" rel=\"bookmark\">Lire la suite<\/a>","protected":false},"author":1,"featured_media":213,"parent":260,"menu_order":20,"comment_status":"closed","ping_status":"closed","template":"parallax-page.php","meta":{"_crdt_document":"","inline_featured_image":false,"_genesis_hide_title":false,"_genesis_hide_breadcrumbs":false,"_genesis_hide_singular_image":false,"_genesis_hide_footer_widgets":false,"_genesis_custom_body_class":"","_genesis_custom_post_class":"","_genesis_layout":"","footnotes":""},"class_list":{"0":"post-495","1":"page","2":"type-page","3":"status-publish","4":"has-post-thumbnail","6":"entry"},"_links":{"self":[{"href":"https:\/\/acpro-aocrp.ca\/fr\/wp-json\/wp\/v2\/pages\/495","targetHints":{"allow":["GET"]}}],"collection":[{"href":"https:\/\/acpro-aocrp.ca\/fr\/wp-json\/wp\/v2\/pages"}],"about":[{"href":"https:\/\/acpro-aocrp.ca\/fr\/wp-json\/wp\/v2\/types\/page"}],"author":[{"embeddable":true,"href":"https:\/\/acpro-aocrp.ca\/fr\/wp-json\/wp\/v2\/users\/1"}],"replies":[{"embeddable":true,"href":"https:\/\/acpro-aocrp.ca\/fr\/wp-json\/wp\/v2\/comments?post=495"}],"version-history":[{"count":4,"href":"https:\/\/acpro-aocrp.ca\/fr\/wp-json\/wp\/v2\/pages\/495\/revisions"}],"predecessor-version":[{"id":1089,"href":"https:\/\/acpro-aocrp.ca\/fr\/wp-json\/wp\/v2\/pages\/495\/revisions\/1089"}],"up":[{"embeddable":true,"href":"https:\/\/acpro-aocrp.ca\/fr\/wp-json\/wp\/v2\/pages\/260"}],"wp:featuredmedia":[{"embeddable":true,"href":"https:\/\/acpro-aocrp.ca\/fr\/wp-json\/wp\/v2\/media\/213"}],"wp:attachment":[{"href":"https:\/\/acpro-aocrp.ca\/fr\/wp-json\/wp\/v2\/media?parent=495"}],"curies":[{"name":"wp","href":"https:\/\/api.w.org\/{rel}","templated":true}]}}