{"id":483,"date":"2020-07-08T12:41:50","date_gmt":"2020-07-08T19:41:50","guid":{"rendered":"https:\/\/acpro-aocrp.ca\/?page_id=483"},"modified":"2023-02-17T15:18:38","modified_gmt":"2023-02-17T23:18:38","slug":"avant-de-presenter-une-demande","status":"publish","type":"page","link":"https:\/\/acpro-aocrp.ca\/fr\/candidats-formes-a-letranger\/avant-de-presenter-une-demande\/","title":{"rendered":"Avant de pr\u00e9senter une demande"},"content":{"rendered":"<h2>Comprendre les \u00e9ch\u00e9ances et les frais<\/h2>\n<p>Si vous avez suivi une formation de psychologue dans un pays autre que le Canada ou les \u00c9tats-Unis et que vous souhaitez obtenir l\u2019autorisation d\u2019exercer la profession de psychologue dans <a href=\"https:\/\/acpro-aocrp.ca\/fr\/candidats-formes-a-letranger\/\">l\u2019un des territoires de comp\u00e9tence participants au Canada<\/a>, la d\u00e9marche pour obtenir l\u2019agr\u00e9ment comprend trois \u00e9tapes.<\/p>\n<h3>\u00c9tape 1\u00a0: Pr\u00e9senter une demande \u00e0 ICD, une division de CGFNS<\/h3>\n<ul>\n<li>Vous devez pouvoir confirmer votre identit\u00e9.<\/li>\n<li>Voir <a href=\"https:\/\/acpro-aocrp.ca\/fr\/candidats-formes-a-letranger\/le-processus-de-demande\/\">Le processus de demande<\/a> pour conna\u00eetre le d\u00e9tail des documents exig\u00e9s.<\/li>\n<li>Vous devez soumettre vos documents et titres de comp\u00e9tence \u00e0 ICD aux fins de la d\u00e9marche d\u2019\u00e9valuation r\u00e9alis\u00e9e par ICD. ICD v\u00e9rifie vos documents et vos titres de comp\u00e9tence, confirme leur authenticit\u00e9, et vous transmet un rapport \u00e0 ce sujet.<\/li>\n<\/ul>\n<h3>\u00c9tape 2 : Demander \u00e0 ICD de transmettre votre rapport \u00e0 un organisme de r\u00e9glementation (membre de l\u2019AOCRP) d\u2019une province ou d\u2019un territoire participant.<\/h3>\n<p>Voir la page <a href=\"https:\/\/acpro-aocrp.ca\/fr\/candidats-formes-a-letranger\/exigences-relatives-aux-demandes-de-permis-selon-le-territoire-de-competence\/\">Exigences relatives aux demandes de permis selon le territoire de comp\u00e9tence<\/a> pour une liste des provinces et territoires participants.<\/p>\n<ul>\n<li>Il faut pr\u00e9voir un d\u00e9lai de trois jours ouvrables pour obtenir votre rapport.<\/li>\n<li>Vous recevrez alors un courriel vous invitant \u00e0 d\u00e9poser une demande d\u2019agr\u00e9ment en ligne.<\/li>\n<\/ul>\n<h3>\u00c9tape 3 : Pr\u00e9senter une demande d\u2019agr\u00e9ment \u00e0 l\u2019organisme de r\u00e9glementation de la province ou du territoire participant o\u00f9 vous souhaitez\u00a0 pratiquer la psychologie.<strong><br \/>\n<\/strong><\/h3>\n<p>L\u2019organisme de r\u00e9glementation \u00e9valuera votre demande en fonction de ses normes d\u2019agr\u00e9ment et prendra une d\u00e9cision \u00e0 cet \u00e9gard.<\/p>\n<p><strong>Co\u00fbts de la demande d\u2019agr\u00e9ment<\/strong><\/p>\n<ol>\n<li>Le co\u00fbt de de l\u2019\u00e9valuation des titres de comp\u00e9tence par ICD\u00a0est de 500\u00a0$ US.<\/li>\n<li>D\u2019autres frais sont exig\u00e9s par les organismes de r\u00e9glementation pour traiter les demandes dans leurs territoires de comp\u00e9tence respectifs.<\/li>\n<\/ol>\n<p><strong>Principaux conseils pour g\u00e9rer correctement les \u00e9ch\u00e9ances de votre demande<\/strong><\/p>\n<ol>\n<li>Lisez le <a href=\"https:\/\/acpro.icdeval.com\/fr\/handbook\/\">manuel du demandeur<\/a>\u00a0pour vous assurer de bien comprendre la d\u00e9marche avant de l\u2019amorcer.<\/li>\n<li>Avant d\u2019entreprendre votre demande et de payer des frais, commencez les d\u00e9marches pour obtenir les documents requis. Ainsi, ICD sera en mesure de produire votre rapport consultatif dans les meilleurs d\u00e9lais. Aidez-nous \u00e0 vous aider\u00a0!<\/li>\n<li>Si vous avez des questions et ne trouvez pas les r\u00e9ponses \u00e0 la page <a href=\"https:\/\/acpro-aocrp.ca\/fr\/candidats-formes-a-letranger\/faq\/\">FAQ<\/a>, vous pouvez communiquer avec notre \u00e9quipe de soutien par t\u00e9l\u00e9phone au 1-844-984-2801 (sans frais). Il vaut mieux poser vos questions d\u00e8s le d\u00e9but pour pouvoir agir avec confiance tout au long de la d\u00e9marche.<\/li>\n<\/ol>\n<p>Suivez notre\u00a0<a href=\"https:\/\/acpro-aocrp.ca\/fr\/candidats-formes-a-letranger\/le-processus-de-demande\/\">guide d\u00e9taill\u00e9 du processus de demande<\/a>. Vous pourrez cocher chaque \u00e9tape lorsqu\u2019elle sera termin\u00e9e et voir d\u2019un coup d\u2019\u0153il ce qu\u2019il vous reste \u00e0 faire. Ainsi, vous resterez organis\u00e9 et assur\u00e9 d\u2019\u00eatre sur la bonne voie.<\/p>\n","protected":false},"excerpt":{"rendered":"<p>Comprendre les \u00e9ch\u00e9ances et les frais Si vous avez suivi une formation de psychologue dans un pays autre que le Canada ou les \u00c9tats-Unis et que vous souhaitez obtenir l\u2019autorisation d\u2019exercer la profession de psychologue dans l\u2019un des territoires de comp\u00e9tence participants au Canada, la d\u00e9marche pour obtenir l\u2019agr\u00e9ment comprend trois \u00e9tapes. \u00c9tape 1\u00a0: Pr\u00e9senter [&hellip;]<\/p>\n <a href=\"https:\/\/acpro-aocrp.ca\/fr\/candidats-formes-a-letranger\/avant-de-presenter-une-demande\/\" class=\"more-link\" rel=\"bookmark\">Lire la suite<\/a>","protected":false},"author":1,"featured_media":213,"parent":260,"menu_order":5,"comment_status":"closed","ping_status":"closed","template":"parallax-page.php","meta":{"_crdt_document":"","inline_featured_image":false,"_genesis_hide_title":false,"_genesis_hide_breadcrumbs":false,"_genesis_hide_singular_image":false,"_genesis_hide_footer_widgets":false,"_genesis_custom_body_class":"","_genesis_custom_post_class":"","_genesis_layout":"","footnotes":""},"class_list":{"0":"post-483","1":"page","2":"type-page","3":"status-publish","4":"has-post-thumbnail","6":"entry"},"_links":{"self":[{"href":"https:\/\/acpro-aocrp.ca\/fr\/wp-json\/wp\/v2\/pages\/483","targetHints":{"allow":["GET"]}}],"collection":[{"href":"https:\/\/acpro-aocrp.ca\/fr\/wp-json\/wp\/v2\/pages"}],"about":[{"href":"https:\/\/acpro-aocrp.ca\/fr\/wp-json\/wp\/v2\/types\/page"}],"author":[{"embeddable":true,"href":"https:\/\/acpro-aocrp.ca\/fr\/wp-json\/wp\/v2\/users\/1"}],"replies":[{"embeddable":true,"href":"https:\/\/acpro-aocrp.ca\/fr\/wp-json\/wp\/v2\/comments?post=483"}],"version-history":[{"count":8,"href":"https:\/\/acpro-aocrp.ca\/fr\/wp-json\/wp\/v2\/pages\/483\/revisions"}],"predecessor-version":[{"id":1086,"href":"https:\/\/acpro-aocrp.ca\/fr\/wp-json\/wp\/v2\/pages\/483\/revisions\/1086"}],"up":[{"embeddable":true,"href":"https:\/\/acpro-aocrp.ca\/fr\/wp-json\/wp\/v2\/pages\/260"}],"wp:featuredmedia":[{"embeddable":true,"href":"https:\/\/acpro-aocrp.ca\/fr\/wp-json\/wp\/v2\/media\/213"}],"wp:attachment":[{"href":"https:\/\/acpro-aocrp.ca\/fr\/wp-json\/wp\/v2\/media?parent=483"}],"curies":[{"name":"wp","href":"https:\/\/api.w.org\/{rel}","templated":true}]}}