{"id":271,"date":"2020-03-21T18:05:55","date_gmt":"2020-03-22T01:05:55","guid":{"rendered":"https:\/\/acpro-aocrp.ca\/?page_id=271"},"modified":"2020-03-27T14:52:28","modified_gmt":"2020-03-27T21:52:28","slug":"plan-du-site","status":"publish","type":"page","link":"https:\/\/acpro-aocrp.ca\/fr\/plan-du-site\/","title":{"rendered":"Plan du site"},"content":{"rendered":"<div class=\"wsp-container\"><h2 class=\"wsp-pages-title\">Pages<\/h2>\n<ul class=\"wsp-pages-list\">\n<li class=\"page_item page-item-174\"><a href=\"https:\/\/acpro-aocrp.ca\/fr\/\">Accueil<\/a><\/li>\n<li class=\"page_item page-item-222 page_item_has_children\"><a href=\"https:\/\/acpro-aocrp.ca\/fr\/au-sujet-de-laocrp\/\">Au sujet de l\u2019AOCRP<\/a>\n<ul class='children'>\n\t<li class=\"page_item page-item-269 current_page_parent\"><a href=\"https:\/\/acpro-aocrp.ca\/fr\/au-sujet-de-laocrp\/nouvelles\/\">Nouvelles<\/a><\/li>\n\t<li class=\"page_item page-item-225\"><a href=\"https:\/\/acpro-aocrp.ca\/fr\/au-sujet-de-laocrp\/canadian-psychology-regulatory-organizations\/\">Organismes canadiens de r\u00e9glementation en psychologie<\/a><\/li>\n\t<li class=\"page_item page-item-273\"><a href=\"https:\/\/acpro-aocrp.ca\/fr\/au-sujet-de-laocrp\/reglements-de-laocrp\/\">R\u00e8glements de l\u2019AOCRP<\/a><\/li>\n\t<li class=\"page_item page-item-242\"><a href=\"https:\/\/acpro-aocrp.ca\/fr\/au-sujet-de-laocrp\/publications\/\">Publications<\/a><\/li>\n<\/ul>\n<\/li>\n<li class=\"page_item page-item-246 page_item_has_children\"><a href=\"https:\/\/acpro-aocrp.ca\/fr\/la-psychologie-au-canada\/\">La psychologie au Canada<\/a>\n<ul class='children'>\n\t<li class=\"page_item page-item-249\"><a href=\"https:\/\/acpro-aocrp.ca\/fr\/la-psychologie-au-canada\/ressources-en-matiere-de-psychologie-au-canada\/\">Ressources en mati\u00e8re de psychologie au Canada<\/a><\/li>\n\t<li class=\"page_item page-item-252\"><a href=\"https:\/\/acpro-aocrp.ca\/fr\/la-psychologie-au-canada\/mobilite-professionnelle\/\">Mobilit\u00e9 professionnelle<\/a><\/li>\n<\/ul>\n<\/li>\n<li class=\"page_item page-item-1419\"><a href=\"https:\/\/acpro-aocrp.ca\/fr\/mou-acpro-telepsychologie-dune-juridiction-a-une-autre\/\">MOU ACPRO T\u00e9l\u00e9psychologie d&#8217;une juridiction \u00e0 une autre<\/a><\/li>\n<li class=\"page_item page-item-255\"><a href=\"https:\/\/acpro-aocrp.ca\/fr\/candidats-formes-au-canada-et-aux-etats-unis\/\">Candidats form\u00e9s au Canada et aux \u00c9tats-Unis<\/a><\/li>\n<li class=\"page_item page-item-260 page_item_has_children\"><a href=\"https:\/\/acpro-aocrp.ca\/fr\/candidats-formes-a-letranger\/\">Candidats form\u00e9s \u00e0 l\u2019\u00e9tranger<\/a>\n<ul class='children'>\n\t<li class=\"page_item page-item-483\"><a href=\"https:\/\/acpro-aocrp.ca\/fr\/candidats-formes-a-letranger\/avant-de-presenter-une-demande\/\">Avant de pr\u00e9senter une demande<\/a><\/li>\n\t<li class=\"page_item page-item-480\"><a href=\"https:\/\/acpro-aocrp.ca\/fr\/candidats-formes-a-letranger\/le-processus-de-demande\/\">Le processus de demande<\/a><\/li>\n\t<li class=\"page_item page-item-488\"><a href=\"https:\/\/acpro-aocrp.ca\/fr\/candidats-formes-a-letranger\/exigences-relatives-aux-demandes-de-permis-selon-le-territoire-de-competence\/\">Exigences relatives aux demandes de permis selon le territoire de comp\u00e9tence<\/a><\/li>\n\t<li class=\"page_item page-item-495\"><a href=\"https:\/\/acpro-aocrp.ca\/fr\/candidats-formes-a-letranger\/faq\/\">FAQ<\/a><\/li>\n<\/ul>\n<\/li>\n<li class=\"page_item page-item-258\"><a href=\"https:\/\/acpro-aocrp.ca\/fr\/nous-joindre\/\">Nous joindre<\/a><\/li>\n<li class=\"page_item page-item-263\"><a href=\"https:\/\/acpro-aocrp.ca\/fr\/politique-de-confidentialite\/\">Politique de confidentialit\u00e9<\/a><\/li>\n<li class=\"page_item page-item-271\"><a href=\"https:\/\/acpro-aocrp.ca\/fr\/plan-du-site\/\">Plan du site<\/a><\/li>\n<li class=\"page_item page-item-266\"><a href=\"https:\/\/acpro-aocrp.ca\/fr\/conditions-dutilisation\/\">Conditions d\u2019utilisation<\/a><\/li>\n<\/ul>\n<h2 class=\"wsp-posts-title\">Posts by category<\/h2>\n<ul class=\"wsp-posts-list\">\n\t<li><strong class=\"wsp-category-title\">Category: <a href=\"https:\/\/acpro-aocrp.ca\/fr\/category\/nouvelles\/\">Nouvelles<\/a><\/strong>\n<ul class=\"wsp-posts-list\">\t\t<li class=\"wsp-post\"><a href=\"https:\/\/acpro-aocrp.ca\/fr\/lacpro-appelle-a-la-tenue-dun-sommet-sur-la-formation-des-psychologues\/\">L&#8217;ACPRO appelle \u00e0 la tenue d&#8217;un sommet sur la formation des psychologues<\/a><\/li>\n\t\t<li class=\"wsp-post\"><a href=\"https:\/\/acpro-aocrp.ca\/fr\/declaration-de-laocrp-sur-le-professionnalisme-et-lhumilite-intellectuelle\/\">D\u00e9claration de l&#8217;AOCRP sur le professionnalisme et l&#8217;humilit\u00e9 intellectuelle<\/a><\/li>\n\t\t<li class=\"wsp-post\"><a href=\"https:\/\/acpro-aocrp.ca\/fr\/association-des-organismes-canadiens-de-reglementation-en-psychologie-protocole-dentente-relatif-a-la-pratique-de-la-telepsychologie-dune-juridiction-a-une-autre\/\">MOU ACPRO T\u00e9l\u00e9psychologie d&#8217;une juridiction \u00e0 une autre.<\/a><\/li>\n\t\t<li class=\"wsp-post\"><a href=\"https:\/\/acpro-aocrp.ca\/fr\/lassociation-des-organisations-canadiennes-de-reglementation-en-psychologie-aocrp-soutient-lequite-la-diversite-et-linclusion-par-la-promotion-de-lhumilite-culturelle-et-de-lequit\/\">L&#8217;Association des organisations canadiennes de r\u00e9glementation en psychologie (AOCRP) soutient l&#8217;\u00e9quit\u00e9, la diversit\u00e9 et l&#8217;inclusion  par la promotion de l\u2019humilit\u00e9 culturelle et de l&#8217;\u00e9quit\u00e9 en mati\u00e8re de sant\u00e9<\/a><\/li>\n\t\t<li class=\"wsp-post\"><a href=\"https:\/\/acpro-aocrp.ca\/fr\/lettre-dexcuses-aux-peuples-autochtones-et-engagement-antiracisme\/\">Lettre d\u2019excuses aux peuples autochtones et engagement antiracisme<\/a><\/li>\n\t\t<li class=\"wsp-post\"><a href=\"https:\/\/acpro-aocrp.ca\/fr\/declaration-de-lassociation-des-organisations-canadiennes-de-reglementation-en-psychologie-concernant-le-projet-de-loi-35-du-nouveau-brunswick\/\">D\u00e9claration de l&#8217;Association des organisations canadiennes de r\u00e9glementation en psychologie concernant le projet de loi 35 du Nouveau-Brunswick<\/a><\/li>\n\t\t<li class=\"wsp-post\"><a href=\"https:\/\/acpro-aocrp.ca\/fr\/declaration-de-laocrp-concernant-la-covid-19\/\">D\u00e9claration de l\u2019AOCRP Concernant la COVID-19<\/a><\/li>\n\t\t<li class=\"wsp-post\"><a href=\"https:\/\/acpro-aocrp.ca\/fr\/laocrp-lance-son-nouveau-site-web\/\">L\u2019AOCRP lance son nouveau site Web<\/a><\/li>\n<\/ul><\/li>\n<\/ul>\n<\/div>\n","protected":false},"excerpt":{"rendered":" <a href=\"https:\/\/acpro-aocrp.ca\/fr\/plan-du-site\/\" class=\"more-link\" rel=\"bookmark\">Lire la suite<\/a>","protected":false},"author":1,"featured_media":0,"parent":0,"menu_order":17,"comment_status":"closed","ping_status":"closed","template":"","meta":{"_crdt_document":"","inline_featured_image":false,"_genesis_hide_title":false,"_genesis_hide_breadcrumbs":false,"_genesis_hide_singular_image":false,"_genesis_hide_footer_widgets":false,"_genesis_custom_body_class":"","_genesis_custom_post_class":"","_genesis_layout":"","footnotes":""},"class_list":{"0":"post-271","1":"page","2":"type-page","3":"status-publish","5":"entry"},"_links":{"self":[{"href":"https:\/\/acpro-aocrp.ca\/fr\/wp-json\/wp\/v2\/pages\/271","targetHints":{"allow":["GET"]}}],"collection":[{"href":"https:\/\/acpro-aocrp.ca\/fr\/wp-json\/wp\/v2\/pages"}],"about":[{"href":"https:\/\/acpro-aocrp.ca\/fr\/wp-json\/wp\/v2\/types\/page"}],"author":[{"embeddable":true,"href":"https:\/\/acpro-aocrp.ca\/fr\/wp-json\/wp\/v2\/users\/1"}],"replies":[{"embeddable":true,"href":"https:\/\/acpro-aocrp.ca\/fr\/wp-json\/wp\/v2\/comments?post=271"}],"version-history":[{"count":2,"href":"https:\/\/acpro-aocrp.ca\/fr\/wp-json\/wp\/v2\/pages\/271\/revisions"}],"predecessor-version":[{"id":319,"href":"https:\/\/acpro-aocrp.ca\/fr\/wp-json\/wp\/v2\/pages\/271\/revisions\/319"}],"wp:attachment":[{"href":"https:\/\/acpro-aocrp.ca\/fr\/wp-json\/wp\/v2\/media?parent=271"}],"curies":[{"name":"wp","href":"https:\/\/api.w.org\/{rel}","templated":true}]}}