{"id":266,"date":"2020-01-27T15:20:08","date_gmt":"2020-01-27T23:20:08","guid":{"rendered":"https:\/\/acpro-aocrp.ca\/terms-of-use\/"},"modified":"2020-07-09T15:11:01","modified_gmt":"2020-07-09T22:11:01","slug":"conditions-dutilisation","status":"publish","type":"page","link":"https:\/\/acpro-aocrp.ca\/fr\/conditions-dutilisation\/","title":{"rendered":"Conditions d\u2019utilisation"},"content":{"rendered":"<p><strong>Consentement aux conditions d\u2019utilisation<\/strong><br \/>\nEn utilisant le site Web de l\u2019Association des organisations canadiennes de r\u00e9glementation en psychologie (AOCRP), vous acceptez les pr\u00e9sentes conditions d\u2019utilisation, que l\u2019AOCRP peut modifier \u00e0 tout moment sans pr\u00e9avis. Si vous n\u2019acceptez pas ces conditions d\u2019utilisation, vous ne devez pas utiliser le site Web.<\/p>\n<p><strong>Avertissement<\/strong><br \/>\nL\u2019AOCRP offre l\u2019information du pr\u00e9sent site Web \u00e0 titre de service public. Le site Web, et toute l\u2019information qu\u2019il contient, sont offerts tels quels, sans aucune forme de garantie implicite ou explicite. Toute garantie implicite, y compris, mais non de fa\u00e7on limitative, les garanties implicites de qualit\u00e9 marchande, de conformit\u00e9 \u00e0 une fin particuli\u00e8re ou de non-violation, sont express\u00e9ment exclues.<\/p>\n<p><strong>Exactitude<\/strong><br \/>\nBien qu\u2019on ait pris des mesures raisonnables pour en assurer l\u2019exactitude, l\u2019information pr\u00e9sent\u00e9e dans le pr\u00e9sent site Web peut comporter des inexactitudes ou des coquilles. Le contenu du pr\u00e9sent site Web, et notamment le texte et les \u00e9l\u00e9ments graphiques, peuvent \u00eatre modifi\u00e9s \u00e0 tout moment par l\u2019AOCRP, sans pr\u00e9avis.<\/p>\n<p><strong>Propri\u00e9t\u00e9<\/strong><br \/>\nLe pr\u00e9sent site Web et son contenu sont la propri\u00e9t\u00e9 de l\u2019AOCRP. Le pr\u00e9sent site Web est prot\u00e9g\u00e9 par les lois canadiennes et internationales en mati\u00e8re de droit d\u2019auteur et de marque de commerce, et par d\u2019autres lois. Votre utilisation du site Web ne vous conf\u00e8re aucun droit de propri\u00e9t\u00e9 ni aucun autre droit sur le site Web ou son contenu. Vous ne pouvez copier, redistribuer, reproduire ou rediffuser le contenu du pr\u00e9sent site Web, sous quelque forme que ce soit, sans la permission \u00e9crite de l\u2019AOCRP, \u00e0 moins que la reproduction ne soit faite \u00e0 des fins personnelles ou \u00e9ducatives, dans le respect des exigences suivantes :<\/p>\n<ul>\n<li>l\u2019utilisateur fait preuve d\u2019une diligence raisonnable en s\u2019assurant de l\u2019exactitude du mat\u00e9riel reproduit;<\/li>\n<li>il est clairement indiqu\u00e9 que l\u2019AOCRP en est la source;<\/li>\n<li>la reproduction n\u2019est pas pr\u00e9sent\u00e9e comme une version officielle du mat\u00e9riel reproduit, ni comme une reproduction faite en collaboration avec l\u2019AOCRP ou avec son aval.<\/li>\n<\/ul>\n<p><strong>Liens vers d\u2019autres sites Web<\/strong><br \/>\nLe site Web de l\u2019AOCRP comprend des liens vers des sites Web externes, g\u00e9r\u00e9s par d\u2019autres organismes. En cliquant sur ces liens, vous quittez le site Web de l\u2019AOCRP. Quand vous acc\u00e9dez \u00e0 un autre site, les Conditions d\u2019utilisation et la Politique de confidentialit\u00e9 de l\u2019AOCRP n\u2019ont plus cours; vous \u00eates r\u00e9gi par les conditions d\u2019utilisation et la politique de confidentialit\u00e9 du site en question. L\u2019AOCRP n\u2019assume aucune responsabilit\u00e9 quant au contenu ou aux pratiques des sites Web externes.<\/p>\n<p><strong>Liens vers le pr\u00e9sent site<\/strong><br \/>\nUn site Web g\u00e9r\u00e9 par un autre organisme peut offrir un lien vers le site de l\u2019AOCRP. De tels liens ne signifient pas que l\u2019AOCRP donne son aval au site en question ou \u00e0 l\u2019organisme qui le g\u00e8re. L\u2019AOCRP n\u2019est responsable ni du contenu, ni des pratiques des sites Web externes.<\/p>\n<p><strong>Limitation de la responsabilit\u00e9<\/strong><br \/>\nL\u2019AOCRP ne saurait en aucun cas \u00eatre tenue responsable des dommages directs, indirects, particuliers, accessoires ou cons\u00e9cutifs subis par un tiers en lien avec l\u2019utilisation du pr\u00e9sent site Web ou de tout autre site Web pouvant lui \u00eatre li\u00e9. Si vous t\u00e9l\u00e9chargez des fichiers du site de l\u2019AOCRP, vous assumez tous les risques en d\u00e9coulant. L\u2019AOCRP n\u2019est responsable d\u2019aucun dommage caus\u00e9 \u00e0 votre ordinateur, ou \u00e0 tout autre appareil \u00e9lectronique, par un virus ou tout autre logiciel malveillant.<\/p>\n","protected":false},"excerpt":{"rendered":"<p>Consentement aux conditions d\u2019utilisation En utilisant le site Web de l\u2019Association des organisations canadiennes de r\u00e9glementation en psychologie (AOCRP), vous acceptez les pr\u00e9sentes conditions d\u2019utilisation, que l\u2019AOCRP peut modifier \u00e0 tout moment sans pr\u00e9avis. Si vous n\u2019acceptez pas ces conditions d\u2019utilisation, vous ne devez pas utiliser le site Web. Avertissement L\u2019AOCRP offre l\u2019information du pr\u00e9sent [&hellip;]<\/p>\n <a href=\"https:\/\/acpro-aocrp.ca\/fr\/conditions-dutilisation\/\" class=\"more-link\" rel=\"bookmark\">Lire la suite<\/a>","protected":false},"author":1,"featured_media":0,"parent":0,"menu_order":18,"comment_status":"closed","ping_status":"closed","template":"","meta":{"_crdt_document":"","inline_featured_image":false,"_genesis_hide_title":false,"_genesis_hide_breadcrumbs":false,"_genesis_hide_singular_image":false,"_genesis_hide_footer_widgets":false,"_genesis_custom_body_class":"","_genesis_custom_post_class":"","_genesis_layout":"","footnotes":""},"class_list":{"0":"post-266","1":"page","2":"type-page","3":"status-publish","5":"entry"},"_links":{"self":[{"href":"https:\/\/acpro-aocrp.ca\/fr\/wp-json\/wp\/v2\/pages\/266","targetHints":{"allow":["GET"]}}],"collection":[{"href":"https:\/\/acpro-aocrp.ca\/fr\/wp-json\/wp\/v2\/pages"}],"about":[{"href":"https:\/\/acpro-aocrp.ca\/fr\/wp-json\/wp\/v2\/types\/page"}],"author":[{"embeddable":true,"href":"https:\/\/acpro-aocrp.ca\/fr\/wp-json\/wp\/v2\/users\/1"}],"replies":[{"embeddable":true,"href":"https:\/\/acpro-aocrp.ca\/fr\/wp-json\/wp\/v2\/comments?post=266"}],"version-history":[{"count":3,"href":"https:\/\/acpro-aocrp.ca\/fr\/wp-json\/wp\/v2\/pages\/266\/revisions"}],"predecessor-version":[{"id":531,"href":"https:\/\/acpro-aocrp.ca\/fr\/wp-json\/wp\/v2\/pages\/266\/revisions\/531"}],"wp:attachment":[{"href":"https:\/\/acpro-aocrp.ca\/fr\/wp-json\/wp\/v2\/media?parent=266"}],"curies":[{"name":"wp","href":"https:\/\/api.w.org\/{rel}","templated":true}]}}