{"id":263,"date":"2020-01-20T20:46:01","date_gmt":"2020-01-20T20:46:01","guid":{"rendered":"https:\/\/acpro-aocrp.ca\/privacy-policy\/"},"modified":"2020-03-30T21:02:13","modified_gmt":"2020-03-31T04:02:13","slug":"politique-de-confidentialite","status":"publish","type":"page","link":"https:\/\/acpro-aocrp.ca\/fr\/politique-de-confidentialite\/","title":{"rendered":"Politique de confidentialit\u00e9"},"content":{"rendered":"\r\n<p class=\"wp-block-paragraph\"><strong>Donn\u00e9es personnelles<\/strong><br \/>Le site Web de l\u2019AOCRP ne recueille aucune donn\u00e9e personnelle. Quand vous consultez le site Web, vous conservez votre anonymat.<\/p>\r\n\r\n\r\n\r\n<p class=\"wp-block-paragraph\"><strong>Analyse Web<\/strong><br \/>Le site de l\u2019AOCRP utilise Google Analytics pour comprendre les activit\u00e9s des internautes.<\/p>\r\n\r\n\r\n\r\n<p class=\"wp-block-paragraph\"><strong>T\u00e9moins (cookies)<\/strong><br \/>Les t\u00e9moins \u2013 on dit aussi cookies, biscuits magiques, t\u00e9moins de connexion \u2013 sont des petits fichiers envoy\u00e9s par le site Web \u00e0 votre navigateur, qui les installe sur votre ordinateur. Les t\u00e9moins sont con\u00e7us pour vous aider lors d\u2019une visite subs\u00e9quente \u00e0 une page ou \u00e0 une section du site. Si vous n\u2019\u00eates pas \u00e0 l\u2019aise avec les t\u00e9moins, vous pouvez configurer votre navigateur pour qu\u2019il les refuse ou pour qu\u2019il affiche un avertissement lorsqu\u2019ils se pr\u00e9sentent.<\/p>\r\n\r\n\r\n\r\n<p class=\"wp-block-paragraph\"><strong>Liens vers d\u2019autres sites Web<\/strong><br \/>Le site Web de l\u2019AOCRP comprend des liens vers des sites Web externes, g\u00e9r\u00e9s par d\u2019autres organismes. En cliquant sur ces liens, vous quittez le site Web de l\u2019AOCRP. Quand vous acc\u00e9dez \u00e0 un autre site, les Conditions d\u2019utilisation et la Politique de confidentialit\u00e9 de l\u2019AOCRP n\u2019ont plus cours; vous \u00eates r\u00e9gi par les conditions d\u2019utilisation et la politique de confidentialit\u00e9 du site en question. L\u2019AOCRP n\u2019assume aucune responsabilit\u00e9 quant au contenu ou aux pratiques des sites Web externes.<\/p>\r\n","protected":false},"excerpt":{"rendered":"<p>Donn\u00e9es personnellesLe site Web de l\u2019AOCRP ne recueille aucune donn\u00e9e personnelle. Quand vous consultez le site Web, vous conservez votre anonymat. Analyse WebLe site de l\u2019AOCRP utilise Google Analytics pour comprendre les activit\u00e9s des internautes. T\u00e9moins (cookies)Les t\u00e9moins \u2013 on dit aussi cookies, biscuits magiques, t\u00e9moins de connexion \u2013 sont des petits fichiers envoy\u00e9s par [&hellip;]<\/p>\n <a href=\"https:\/\/acpro-aocrp.ca\/fr\/politique-de-confidentialite\/\" class=\"more-link\" rel=\"bookmark\">Lire la suite<\/a>","protected":false},"author":1,"featured_media":0,"parent":0,"menu_order":15,"comment_status":"closed","ping_status":"open","template":"","meta":{"_crdt_document":"","inline_featured_image":false,"_genesis_hide_title":false,"_genesis_hide_breadcrumbs":false,"_genesis_hide_singular_image":false,"_genesis_hide_footer_widgets":false,"_genesis_custom_body_class":"","_genesis_custom_post_class":"","_genesis_layout":"","footnotes":""},"class_list":{"0":"post-263","1":"page","2":"type-page","3":"status-publish","5":"entry"},"_links":{"self":[{"href":"https:\/\/acpro-aocrp.ca\/fr\/wp-json\/wp\/v2\/pages\/263","targetHints":{"allow":["GET"]}}],"collection":[{"href":"https:\/\/acpro-aocrp.ca\/fr\/wp-json\/wp\/v2\/pages"}],"about":[{"href":"https:\/\/acpro-aocrp.ca\/fr\/wp-json\/wp\/v2\/types\/page"}],"author":[{"embeddable":true,"href":"https:\/\/acpro-aocrp.ca\/fr\/wp-json\/wp\/v2\/users\/1"}],"replies":[{"embeddable":true,"href":"https:\/\/acpro-aocrp.ca\/fr\/wp-json\/wp\/v2\/comments?post=263"}],"version-history":[{"count":3,"href":"https:\/\/acpro-aocrp.ca\/fr\/wp-json\/wp\/v2\/pages\/263\/revisions"}],"predecessor-version":[{"id":378,"href":"https:\/\/acpro-aocrp.ca\/fr\/wp-json\/wp\/v2\/pages\/263\/revisions\/378"}],"wp:attachment":[{"href":"https:\/\/acpro-aocrp.ca\/fr\/wp-json\/wp\/v2\/media?parent=263"}],"curies":[{"name":"wp","href":"https:\/\/api.w.org\/{rel}","templated":true}]}}