{"id":260,"date":"2020-01-23T11:07:02","date_gmt":"2020-01-23T19:07:02","guid":{"rendered":"https:\/\/acpro-aocrp.ca\/internationally-educated-applicants\/"},"modified":"2026-02-21T11:08:31","modified_gmt":"2026-02-21T19:08:31","slug":"candidats-formes-a-letranger","status":"publish","type":"page","link":"https:\/\/acpro-aocrp.ca\/fr\/candidats-formes-a-letranger\/","title":{"rendered":"Candidats form\u00e9s \u00e0 l\u2019\u00e9tranger"},"content":{"rendered":"<p>L\u2019AOCRP a collabor\u00e9 avec le Gouvernement du Canada pour uniformiser et rationaliser, \u00e0 l\u2019\u00e9chelle des provinces et territoires canadiens participants, la d\u00e9marche permettant aux psychologues form\u00e9s \u00e0 l\u2019\u00e9tranger de pr\u00e9senter une demande d\u2019agr\u00e9ment. Le <a href=\"https:\/\/acpro.icdeval.com\/fr\/\">Portail des candidats ICD<\/a> sert de guichet unique pour les provinces et territoires canadiens qui y participent.<\/p>\n<p>Si vous avez suivi une formation de psychologue dans un pays autre que le Canada ou les \u00c9tats-Unis et que vous souhaitez obtenir l\u2019autorisation d\u2019exercer la profession de psychologue dans l\u2019un des territoires de comp\u00e9tence participants au Canada, vous pouvez amorcer votre d\u00e9marche en suivant les directives \u00e9nonc\u00e9es dans les pages suivantes :<\/p>\n<ul>\n<li><a href=\"https:\/\/acpro-aocrp.ca\/fr\/candidats-formes-a-letranger\/avant-de-presenter-une-demande\/\">Avant de pr\u00e9senter une demande<\/a><\/li>\n<li><a href=\"https:\/\/acpro-aocrp.ca\/fr\/candidats-formes-a-letranger\/le-processus-de-demande\/\">Le processus de demande<\/a><\/li>\n<li><a href=\"https:\/\/acpro-aocrp.ca\/fr\/candidats-formes-a-letranger\/exigences-relatives-aux-demandes-de-permis-selon-le-territoire-de-competence\/\">Exigences relatives aux demandes de permis selon le territoire de comp\u00e9tence<\/a><\/li>\n<li><a href=\"https:\/\/acpro-aocrp.ca\/fr\/candidats-formes-a-letranger\/faq\/\">FAQ<\/a><\/li>\n<\/ul>\n<h2>Territoires de comp\u00e9tence non participants au Canada<\/h2>\n<p>\u00c0 l\u2019heure actuelle, l\u2019Alberta, les Territoires du Nord-Ouest (TNO), le Colombie-Britannique, le Qu\u00e9bec, et le Yukon ne traitent pas les demandes par le biais du portail. Si vous voulez demander l\u2019agr\u00e9ment dans l\u2019une de ces juridictions, vous devez vous adresser directement \u00e0 l\u2019organisme de r\u00e9glementation concern\u00e9:<\/p>\n<ul>\n<li><a href=\"https:\/\/www.cap.ab.ca\/\">College of Alberta Psychologists<\/a> (et TNO)<\/li>\n<li><a href=\"https:\/\/chcpbc.org\/applicants\/psychology\/\">College of Health and Care Professionals of British Columbia<\/a><\/li>\n<li><a href=\"https:\/\/www.ordrepsy.qc.ca\/\">Ordre des psychologues du Qu\u00e9bec<\/a><\/li>\n<li><a href=\"https:\/\/yukon.ca\/en\/doing-business\/professional-licensing\/apply-psychologist-certificate\">Yukon Professional Licensing and Regulatory Affairs<\/a><\/li>\n<\/ul>\n<p>Si vous avez \u00e9t\u00e9 form\u00e9 au Canada ou aux \u00c9tats-Unis, consultez la page <a href=\"https:\/\/acpro-aocrp.ca\/fr\/candidats-formes-au-canada-et-aux-etats-unis\/\">Candidats form\u00e9s au Canada ou aux \u00c9tats-Unis<\/a>.<\/p>\n","protected":false},"excerpt":{"rendered":"<p>L\u2019AOCRP a collabor\u00e9 avec le Gouvernement du Canada pour uniformiser et rationaliser, \u00e0 l\u2019\u00e9chelle des provinces et territoires canadiens participants, la d\u00e9marche permettant aux psychologues form\u00e9s \u00e0 l\u2019\u00e9tranger de pr\u00e9senter une demande d\u2019agr\u00e9ment. Le Portail des candidats ICD sert de guichet unique pour les provinces et territoires canadiens qui y participent. Si vous avez suivi [&hellip;]<\/p>\n <a href=\"https:\/\/acpro-aocrp.ca\/fr\/candidats-formes-a-letranger\/\" class=\"more-link\" rel=\"bookmark\">Lire la suite<\/a>","protected":false},"author":1,"featured_media":213,"parent":0,"menu_order":12,"comment_status":"closed","ping_status":"closed","template":"parallax-page.php","meta":{"_crdt_document":"","inline_featured_image":false,"_genesis_hide_title":false,"_genesis_hide_breadcrumbs":false,"_genesis_hide_singular_image":false,"_genesis_hide_footer_widgets":false,"_genesis_custom_body_class":"","_genesis_custom_post_class":"","_genesis_layout":"","footnotes":""},"class_list":{"0":"post-260","1":"page","2":"type-page","3":"status-publish","4":"has-post-thumbnail","6":"entry"},"_links":{"self":[{"href":"https:\/\/acpro-aocrp.ca\/fr\/wp-json\/wp\/v2\/pages\/260","targetHints":{"allow":["GET"]}}],"collection":[{"href":"https:\/\/acpro-aocrp.ca\/fr\/wp-json\/wp\/v2\/pages"}],"about":[{"href":"https:\/\/acpro-aocrp.ca\/fr\/wp-json\/wp\/v2\/types\/page"}],"author":[{"embeddable":true,"href":"https:\/\/acpro-aocrp.ca\/fr\/wp-json\/wp\/v2\/users\/1"}],"replies":[{"embeddable":true,"href":"https:\/\/acpro-aocrp.ca\/fr\/wp-json\/wp\/v2\/comments?post=260"}],"version-history":[{"count":16,"href":"https:\/\/acpro-aocrp.ca\/fr\/wp-json\/wp\/v2\/pages\/260\/revisions"}],"predecessor-version":[{"id":1772,"href":"https:\/\/acpro-aocrp.ca\/fr\/wp-json\/wp\/v2\/pages\/260\/revisions\/1772"}],"wp:featuredmedia":[{"embeddable":true,"href":"https:\/\/acpro-aocrp.ca\/fr\/wp-json\/wp\/v2\/media\/213"}],"wp:attachment":[{"href":"https:\/\/acpro-aocrp.ca\/fr\/wp-json\/wp\/v2\/media?parent=260"}],"curies":[{"name":"wp","href":"https:\/\/api.w.org\/{rel}","templated":true}]}}