{"id":255,"date":"2020-01-23T11:06:37","date_gmt":"2020-01-23T19:06:37","guid":{"rendered":"https:\/\/acpro-aocrp.ca\/canada-and-us-educated-applicants\/"},"modified":"2024-06-14T10:21:27","modified_gmt":"2024-06-14T17:21:27","slug":"candidats-formes-au-canada-et-aux-etats-unis","status":"publish","type":"page","link":"https:\/\/acpro-aocrp.ca\/fr\/candidats-formes-au-canada-et-aux-etats-unis\/","title":{"rendered":"Candidats form\u00e9s au Canada et aux \u00c9tats-Unis"},"content":{"rendered":"<p class=\"intro\">Si vous avez une formation de deuxi\u00e8me ou de troisi\u00e8me cycle au Canada ou aux \u00c9tats-Unis et souhaitez vous inscrire pour exercer la profession de psychologue dans une province ou un territoire au Canada, informez-vous des exigences en mati\u00e8re d\u2019entr\u00e9e en pratique pour chaque province et territoire avant de pr\u00e9senter directement votre demande \u00e0 l\u2019autorit\u00e9 concern\u00e9e. Pour conna\u00eetre ces exigences, cliquez sur les liens vers les sites Web des organismes de r\u00e9glementation<span class=\"extratext\"> sur la carte<\/span> ci-dessous.<\/p>\n<div class=\"intmap\">\n<div><img decoding=\"async\" class=\"style-svg alignnone size-full wp-image-402\" src=\"https:\/\/acpro-aocrp.ca\/wp-content\/uploads\/2020\/04\/Canada-final-temp10e-french.svg\" alt=\"Canada map\" \/><\/div>\n<ul>\n<li><a id=\"BClist\"><\/a>Colombie-Britannique<\/li>\n<li><a id=\"ABlist\"><\/a>Alberta<\/li>\n<li><a id=\"SKlist\"><\/a>Saskatchewan<\/li>\n<li><a id=\"MBlist\"><\/a>Manitoba<\/li>\n<li><a id=\"ONlist\"><\/a>Ontario<\/li>\n<li><a id=\"QClist\"><\/a>Qu\u00e9bec<\/li>\n<li><a id=\"NBlist\"><\/a>Nouveau-Brunswick<\/li>\n<li><a id=\"NSlist\"><\/a>Nouvelle-\u00c9cosse<\/li>\n<li><a id=\"PElist\"><\/a>\u00cele-du-Prince-\u00c9douard<\/li>\n<li><a id=\"NLlist\"><\/a>Terre-Neuve-et-Labrador<\/li>\n<li><a id=\"NTlist\"><\/a>Territoires du Nord-Ouest<\/li>\n<\/ul>\n<div id=\"mycontent\"><\/div>\n<\/div>\n<div id=\"infoBC\" style=\"display: none;\"><a id=\"bc\"><\/a><strong>College of Psychologists of British Columbia<\/strong><br \/>\n1755 West Broadway, bureau 404<br \/>\nVancouver (Colombie-Britannique) V6J 4S5<br \/>\nT\u00e9l\u00e9phone : 604.736.6164<br \/>\nSans frais : 1.800.665.0979<br \/>\nT\u00e9l\u00e9copie : 604.736.6133<br \/>\n<a href=\"http:\/\/www.collegeofpsychologists.bc.ca\">collegeofpsychologists.bc.ca<\/a><\/div>\n<div id=\"infoAB\" style=\"display: none;\"><a id=\"alb\"><\/a><strong>College of Alberta Psychologists<\/strong><br \/>\n2100, place Sun Life<br \/>\n99 Street NW, bureau 10123<br \/>\nEdmonton (Alberta) T5J 3H1<br \/>\nT\u00e9l\u00e9phone :\u00a0780.424.5070<br \/>\nSans frais en Alberta : 1.800.659.0857<br \/>\nT\u00e9l\u00e9copie : 780.420.1241<br \/>\nCourriel :\u00a0<a href=\"mailto:psych@cap.ab.ca\">psych@cap.ab.ca<\/a><br \/>\n<a href=\"http:\/\/www.cap.ab.ca\">cap.ab.ca<\/a><\/div>\n<div id=\"infoSK\" style=\"display: none;\"><a id=\"sask\"><\/a><strong>Saskatchewan College of Psychologists<\/strong><br \/>\n1026, rue Winnipeg<br \/>\nRegina (Saskatchewan) S4R 8P8<br \/>\nT\u00e9l\u00e9phone : 306.352.1699<br \/>\nT\u00e9l\u00e9copie : 306.352.1697<br \/>\nCourriel : <a href=\"mailto:skcp@sasktel.net\">skcp@sasktel.net<\/a><br \/>\n<a href=\"http:\/\/www.skcp.ca\">skcp.ca<\/a><\/div>\n<div id=\"infoMB\" style=\"display: none;\"><a id=\"man\"><\/a><strong>Psychological Association of Manitoba<\/strong><br \/>\n584 Pembina Highway, bureau 208<br \/>\nWinnipeg (Manitoba) R3M 3X7<br \/>\nT\u00e9l\u00e9phone : 204.487.0784<br \/>\nT\u00e9l\u00e9copie : 204.489.8688<br \/>\nCourriel : <a href=\"mailto:pam@mymts.net\">pam@mymts.net<\/a><br \/>\n<a href=\"http:\/\/www.cpmb.ca\">cpmb.ca<\/a><\/div>\n<div id=\"infoON\" style=\"display: none;\"><a id=\"ont\"><\/a><strong>L\u2019Ordre des psychologues de l\u2019Ontario<\/strong><br \/>\n110, avenue Eglinton Ouest, bureau 500<br \/>\nToronto (Ontario) M4R 1A3<br \/>\nT\u00e9l\u00e9phone : 416.961.8817<br \/>\nSans frais : 1.800.489.8388<br \/>\nT\u00e9l\u00e9copie : 416.961.2635<br \/>\nCourriel : <a href=\"mailto:cpo@cpo.on.ca\">cpo@cpo.on.ca<\/a><br \/>\n<a href=\"http:\/\/www.cpo.on.ca\">cpo.on.ca<\/a><\/div>\n<div id=\"infoQC\" style=\"display: none;\"><a id=\"que\"><\/a><strong>Ordre des psychologues du Qu\u00e9bec<\/strong><br \/>\n1100, avenue Beaumont, bureau 510<br \/>\nMont-Royal, Qu\u00e9bec H3P 3H5<br \/>\nT\u00e9l\u00e9phone : 514.738.1881<br \/>\nSans frais : 1.800.363.2644<br \/>\nT\u00e9l\u00e9copie : 514.738.8838<br \/>\nCourriel : <a href=\"mailto:info@ordrepsy.qc.ca\">info@ordrepsy.qc.ca<\/a><br \/>\n<a href=\"http:\/\/www.ordrepsy.qc.ca\">ordrepsy.qc.ca<\/a><\/div>\n<div id=\"infoNB\" style=\"display: none;\"><a id=\"nb\"><\/a><strong>Coll\u00e8ge des psychologues du Nouveau-Brunswick<\/strong><br \/>\n236, rue St. George, bureau 435<br \/>\nMoncton (Nouveau-Brunswick) E1C 1W1<br \/>\nT\u00e9l\u00e9phone : 506.382.1994<br \/>\nT\u00e9l\u00e9copie : 506.857.9813<br \/>\nCourriel : <a href=\"mailto:admin@cpnb.ca\">admin@cpnb.ca<\/a><br \/>\n<a href=\"https:\/\/www.cpnb.ca\/\">cpnb.ca<\/a><\/div>\n<div id=\"infoNS\" style=\"display: none;\"><a id=\"ns\"><\/a><strong>Nova Scotia Board of Examiners in Psychology<\/strong><br \/>\nThe Halifax Professional Centre<br \/>\n5991 Spring Garden Road, bureau 455<br \/>\nHalifax (Nouvelle-\u00c9cosse) B3H 1Y6<br \/>\nT\u00e9l\u00e9phone : 902.423.2238<br \/>\nSans frais en Nouvelle-\u00c9cosse : 1.844.423.2238<br \/>\nT\u00e9l\u00e9copie : 902.423.0058<br \/>\nCourriel : <a href=\"mailto:nsbep@nsbep.org\">nsbep@nsbep.org<\/a><br \/>\n<a href=\"http:\/\/www.nsbep.org\/\">nsbep.org<\/a><\/div>\n<div id=\"infoPE\" style=\"display: none;\"><a id=\"pei\"><\/a><strong>Prince Edward Island Psychologists Registration Board<\/strong><br \/>\nT\u00e9l\u00e9phone : 902.566.0549<br \/>\nCourriel : <a href=\"mailto:peiprb@gmail.com\">peiprb@gmail.com<\/a><br \/>\n<a href=\"http:\/\/www.peipsychology.org\/peiprb\/\">peipsychology.org\/peiprb<\/a><\/div>\n<div id=\"infoNL\" style=\"display: none;\"><a id=\"nfld\"><\/a><strong>Newfoundland and Labrador Psychology Board<\/strong><br \/>\nCase postale 8275, succursale A<br \/>\nSt. John\u2019s (Terre-Neuve) A1B 3N4<br \/>\nT\u00e9l\u00e9phone : 709.579.6313<br \/>\nT\u00e9l\u00e9copie : 709.753.6080 (secure)<br \/>\nCourriel : <a href=\"mailto:registrar@nlpsychboard.ca\">registrar@nlpsychboard.ca<\/a><br \/>\n<a href=\"http:\/\/www.nlpsychboard.ca\">nlpsychboard.ca<\/a><\/div>\n<div id=\"infoNT\" style=\"display: none;\"><a id=\"nwt\"><\/a><strong>NWT Professional Licensing<\/strong><br \/>\nHealth and Social Services<br \/>\n5015-49th Street, 7th Floor<br \/>\nCase postale 1320<br \/>\nYellowknife (Territoires du Nord-Ouest) X1A 2L9<br \/>\nT\u00e9l\u00e9phone : 867.767.9067<br \/>\nT\u00e9l\u00e9copie : 867.873.0484<br \/>\nCourriel : <a href=\"mailto:professional_licensing@gov.nt.ca\">professional_licensing@gov.nt.ca<\/a><br \/>\n<a href=\"https:\/\/www.hss.gov.nt.ca\/en\/services\/professional-licensing\">https:\/\/www.hss.gov.nt.ca\/en\/services\/professional-licensing<\/a><\/div>\n","protected":false},"excerpt":{"rendered":"<p>Si vous avez une formation de deuxi\u00e8me ou de troisi\u00e8me cycle au Canada ou aux \u00c9tats-Unis et souhaitez vous inscrire pour exercer la profession de psychologue dans une province ou un territoire au Canada, informez-vous des exigences en mati\u00e8re d\u2019entr\u00e9e en pratique pour chaque province et territoire avant de pr\u00e9senter directement votre demande \u00e0 l\u2019autorit\u00e9 [&hellip;]<\/p>\n <a href=\"https:\/\/acpro-aocrp.ca\/fr\/candidats-formes-au-canada-et-aux-etats-unis\/\" class=\"more-link\" rel=\"bookmark\">Lire la suite<\/a>","protected":false},"author":1,"featured_media":207,"parent":0,"menu_order":8,"comment_status":"closed","ping_status":"closed","template":"parallax-page.php","meta":{"_crdt_document":"","inline_featured_image":false,"_genesis_hide_title":false,"_genesis_hide_breadcrumbs":false,"_genesis_hide_singular_image":false,"_genesis_hide_footer_widgets":false,"_genesis_custom_body_class":"","_genesis_custom_post_class":"","_genesis_layout":"full-width-content","footnotes":""},"class_list":{"0":"post-255","1":"page","2":"type-page","3":"status-publish","4":"has-post-thumbnail","6":"entry"},"_links":{"self":[{"href":"https:\/\/acpro-aocrp.ca\/fr\/wp-json\/wp\/v2\/pages\/255","targetHints":{"allow":["GET"]}}],"collection":[{"href":"https:\/\/acpro-aocrp.ca\/fr\/wp-json\/wp\/v2\/pages"}],"about":[{"href":"https:\/\/acpro-aocrp.ca\/fr\/wp-json\/wp\/v2\/types\/page"}],"author":[{"embeddable":true,"href":"https:\/\/acpro-aocrp.ca\/fr\/wp-json\/wp\/v2\/users\/1"}],"replies":[{"embeddable":true,"href":"https:\/\/acpro-aocrp.ca\/fr\/wp-json\/wp\/v2\/comments?post=255"}],"version-history":[{"count":10,"href":"https:\/\/acpro-aocrp.ca\/fr\/wp-json\/wp\/v2\/pages\/255\/revisions"}],"predecessor-version":[{"id":529,"href":"https:\/\/acpro-aocrp.ca\/fr\/wp-json\/wp\/v2\/pages\/255\/revisions\/529"}],"wp:featuredmedia":[{"embeddable":true,"href":"https:\/\/acpro-aocrp.ca\/fr\/wp-json\/wp\/v2\/media\/207"}],"wp:attachment":[{"href":"https:\/\/acpro-aocrp.ca\/fr\/wp-json\/wp\/v2\/media?parent=255"}],"curies":[{"name":"wp","href":"https:\/\/api.w.org\/{rel}","templated":true}]}}