{"id":252,"date":"2020-01-23T18:15:22","date_gmt":"2020-01-24T02:15:22","guid":{"rendered":"https:\/\/acpro-aocrp.ca\/la-psychologie-au-canada\/labour-mobility\/"},"modified":"2024-06-14T10:13:17","modified_gmt":"2024-06-14T17:13:17","slug":"mobilite-professionnelle","status":"publish","type":"page","link":"https:\/\/acpro-aocrp.ca\/fr\/la-psychologie-au-canada\/mobilite-professionnelle\/","title":{"rendered":"Mobilit\u00e9 professionnelle"},"content":{"rendered":"\r\n<p class=\"wp-block-paragraph\">L\u2019Accord de libre-\u00e9change canadien (ALEC), qui a remplac\u00e9 l\u2019Accord sur le commerce int\u00e9rieur, est entr\u00e9 en vigueur le 1er juillet 2017. L\u2019ALEC exige que les travailleurs agr\u00e9\u00e9s pour exercer une profession r\u00e9glement\u00e9e dans une province ou un territoire donn\u00e9 puissent travailler partout ailleurs au Canada, sans devoir r\u00e9pondre \u00e0 d\u2019importantes exigences suppl\u00e9mentaires en mati\u00e8re de formation, d\u2019exp\u00e9rience, d\u2019examens, ou d\u2019\u00e9valuation.<\/p>\r\n\r\n\r\n\r\n<p class=\"wp-block-paragraph\">En plus d\u2019\u00e9tablir les r\u00e8gles g\u00e9n\u00e9rales en mati\u00e8re de mobilit\u00e9, l\u2019ALEC d\u00e9finit :<\/p>\r\n\r\n\r\n\r\n<ul class=\"wp-block-list\">\r\n<li>les r\u00e8gles qui s\u2019appliquent lorsque les professions ou les champs de pratique divergent d\u2019un territoire de comp\u00e9tence \u00e0 l\u2019autre;<\/li>\r\n<li>les exigences pouvant s\u2019appliquer, pour des raisons pr\u00e9cises et limit\u00e9es, aux travailleurs qui s\u2019installent dans un nouveau territoire de comp\u00e9tence.<\/li>\r\n<\/ul>\r\n\r\n\r\n\r\n<p class=\"wp-block-paragraph\">Pour en savoir plus sur la mobilit\u00e9 professionnelle, consulter le site Web du <a href=\"http:\/\/www.workersmobility.ca\/?lang=fr\">Groupe de travail sur la mobilit\u00e9 et la reconnaissance des qualifications<\/a>.<\/p>\r\n","protected":false},"excerpt":{"rendered":"<p>L\u2019Accord de libre-\u00e9change canadien (ALEC), qui a remplac\u00e9 l\u2019Accord sur le commerce int\u00e9rieur, est entr\u00e9 en vigueur le 1er juillet 2017. L\u2019ALEC exige que les travailleurs agr\u00e9\u00e9s pour exercer une profession r\u00e9glement\u00e9e dans une province ou un territoire donn\u00e9 puissent travailler partout ailleurs au Canada, sans devoir r\u00e9pondre \u00e0 d\u2019importantes exigences suppl\u00e9mentaires en mati\u00e8re de [&hellip;]<\/p>\n <a href=\"https:\/\/acpro-aocrp.ca\/fr\/la-psychologie-au-canada\/mobilite-professionnelle\/\" class=\"more-link\" rel=\"bookmark\">Lire la suite<\/a>","protected":false},"author":1,"featured_media":215,"parent":246,"menu_order":10,"comment_status":"closed","ping_status":"closed","template":"parallax-page.php","meta":{"_crdt_document":"","inline_featured_image":false,"_genesis_hide_title":false,"_genesis_hide_breadcrumbs":false,"_genesis_hide_singular_image":false,"_genesis_hide_footer_widgets":false,"_genesis_custom_body_class":"","_genesis_custom_post_class":"","_genesis_layout":"","footnotes":""},"class_list":{"0":"post-252","1":"page","2":"type-page","3":"status-publish","4":"has-post-thumbnail","6":"entry"},"_links":{"self":[{"href":"https:\/\/acpro-aocrp.ca\/fr\/wp-json\/wp\/v2\/pages\/252","targetHints":{"allow":["GET"]}}],"collection":[{"href":"https:\/\/acpro-aocrp.ca\/fr\/wp-json\/wp\/v2\/pages"}],"about":[{"href":"https:\/\/acpro-aocrp.ca\/fr\/wp-json\/wp\/v2\/types\/page"}],"author":[{"embeddable":true,"href":"https:\/\/acpro-aocrp.ca\/fr\/wp-json\/wp\/v2\/users\/1"}],"replies":[{"embeddable":true,"href":"https:\/\/acpro-aocrp.ca\/fr\/wp-json\/wp\/v2\/comments?post=252"}],"version-history":[{"count":2,"href":"https:\/\/acpro-aocrp.ca\/fr\/wp-json\/wp\/v2\/pages\/252\/revisions"}],"predecessor-version":[{"id":254,"href":"https:\/\/acpro-aocrp.ca\/fr\/wp-json\/wp\/v2\/pages\/252\/revisions\/254"}],"up":[{"embeddable":true,"href":"https:\/\/acpro-aocrp.ca\/fr\/wp-json\/wp\/v2\/pages\/246"}],"wp:featuredmedia":[{"embeddable":true,"href":"https:\/\/acpro-aocrp.ca\/fr\/wp-json\/wp\/v2\/media\/215"}],"wp:attachment":[{"href":"https:\/\/acpro-aocrp.ca\/fr\/wp-json\/wp\/v2\/media?parent=252"}],"curies":[{"name":"wp","href":"https:\/\/api.w.org\/{rel}","templated":true}]}}