{"id":249,"date":"2020-01-23T18:14:55","date_gmt":"2020-01-24T02:14:55","guid":{"rendered":"https:\/\/acpro-aocrp.ca\/la-psychologie-au-canada\/canadian-psychology-resources\/"},"modified":"2024-06-14T10:13:17","modified_gmt":"2024-06-14T17:13:17","slug":"ressources-en-matiere-de-psychologie-au-canada","status":"publish","type":"page","link":"https:\/\/acpro-aocrp.ca\/fr\/la-psychologie-au-canada\/ressources-en-matiere-de-psychologie-au-canada\/","title":{"rendered":"Ressources en mati\u00e8re de psychologie au Canada"},"content":{"rendered":"\r\n<p class=\"wp-block-paragraph\">L\u2019APPIC, ou <a href=\"https:\/\/www.appic.org\/About-APPIC\/Organizational-Information\"><strong>Association of Psychology Postdoctoral and Internship Centers<\/strong><\/a> (Association des centres postdoctoraux et de stages en psychologie), est un organisme offrant des services aux membres qui souhaitent contribuer \u00e0 la formation de psychologues doctorants et post-doctorants. L\u2019APPIC g\u00e8re \u00e9galement le National Match Program, un programme de stages pour les doctorants en psychologie.<\/p>\r\n\r\n\r\n\r\n<p class=\"wp-block-paragraph\">L\u2019ASPPB ou <a href=\"https:\/\/www.asppb.net\"><strong>Association of State and Provincial Psychology Boards<\/strong><\/a> (Association des organismes de r\u00e9glementation en psychologie des provinces et des \u00c9tats) est une association canado-am\u00e9ricaine d\u2019organismes de r\u00e9glementation. L\u2019ASPPB offre de l\u2019information sur l\u2019Examen de la pratique professionnelle en psychologie (EPPP), ainsi que diverses ententes entre les organismes membres permettant la mobilit\u00e9 professionnelle entre les territoires de comp\u00e9tence de ces organismes.<\/p>\r\n\r\n\r\n\r\n<p class=\"wp-block-paragraph\">Le <a href=\"https:\/\/ccppp.wildapricot.org\"><strong>Conseil canadien des programmes de psychologie professionnelle<\/strong><\/a> (CCPPP) repr\u00e9sente les programmes universitaires et les milieux de stages qui forment les psychologues professionnels au Canada, qu\u2019il s\u2019agisse de psychologues cliniciens, de psychologues en counseling, de neuropsychologues cliniciens ou de psychologues travaillant dans d\u2019autres domaines.<\/p>\r\n\r\n\r\n\r\n<p class=\"wp-block-paragraph\">La <a href=\"https:\/\/cpa.ca\/fr\/aproposdelascp\/\"><strong>Soci\u00e9t\u00e9 canadienne de psychologie<\/strong><\/a> (SCP) est l\u2019association professionnelle des psychologues \u00e0 l\u2019\u00e9chelle nationale. La Soci\u00e9t\u00e9 agit pour promouvoir la profession ainsi que l\u2019excellence et l\u2019innovation en mati\u00e8re de recherche, d\u2019enseignement et de pratique. Le site Web de la Soci\u00e9t\u00e9 dresse la liste des programmes de doctorat et d\u2019internat auxquels elle accorde l\u2019agr\u00e9ment.<\/p>\r\n\r\n\r\n\r\n<p class=\"wp-block-paragraph\"><a href=\"https:\/\/www.canada.ca\/fr\/services\/immigration-citoyennete.html\"><strong>Immigration et citoyennet\u00e9<\/strong><\/a> (Gouvernement du Canada) fournit de nombreuses informations sur la possibilit\u00e9 de travailler et d\u2019immigrer au Canada et donne acc\u00e8s \u00e0 des services \u00e0 cet \u00e9gard.<\/p>\r\n","protected":false},"excerpt":{"rendered":"<p>L\u2019APPIC, ou Association of Psychology Postdoctoral and Internship Centers (Association des centres postdoctoraux et de stages en psychologie), est un organisme offrant des services aux membres qui souhaitent contribuer \u00e0 la formation de psychologues doctorants et post-doctorants. L\u2019APPIC g\u00e8re \u00e9galement le National Match Program, un programme de stages pour les doctorants en psychologie. L\u2019ASPPB ou [&hellip;]<\/p>\n <a href=\"https:\/\/acpro-aocrp.ca\/fr\/la-psychologie-au-canada\/ressources-en-matiere-de-psychologie-au-canada\/\" class=\"more-link\" rel=\"bookmark\">Lire la suite<\/a>","protected":false},"author":1,"featured_media":215,"parent":246,"menu_order":5,"comment_status":"closed","ping_status":"closed","template":"parallax-page.php","meta":{"_crdt_document":"","inline_featured_image":false,"_genesis_hide_title":false,"_genesis_hide_breadcrumbs":false,"_genesis_hide_singular_image":false,"_genesis_hide_footer_widgets":false,"_genesis_custom_body_class":"","_genesis_custom_post_class":"","_genesis_layout":"","footnotes":""},"class_list":{"0":"post-249","1":"page","2":"type-page","3":"status-publish","4":"has-post-thumbnail","6":"entry"},"_links":{"self":[{"href":"https:\/\/acpro-aocrp.ca\/fr\/wp-json\/wp\/v2\/pages\/249","targetHints":{"allow":["GET"]}}],"collection":[{"href":"https:\/\/acpro-aocrp.ca\/fr\/wp-json\/wp\/v2\/pages"}],"about":[{"href":"https:\/\/acpro-aocrp.ca\/fr\/wp-json\/wp\/v2\/types\/page"}],"author":[{"embeddable":true,"href":"https:\/\/acpro-aocrp.ca\/fr\/wp-json\/wp\/v2\/users\/1"}],"replies":[{"embeddable":true,"href":"https:\/\/acpro-aocrp.ca\/fr\/wp-json\/wp\/v2\/comments?post=249"}],"version-history":[{"count":4,"href":"https:\/\/acpro-aocrp.ca\/fr\/wp-json\/wp\/v2\/pages\/249\/revisions"}],"predecessor-version":[{"id":1183,"href":"https:\/\/acpro-aocrp.ca\/fr\/wp-json\/wp\/v2\/pages\/249\/revisions\/1183"}],"up":[{"embeddable":true,"href":"https:\/\/acpro-aocrp.ca\/fr\/wp-json\/wp\/v2\/pages\/246"}],"wp:featuredmedia":[{"embeddable":true,"href":"https:\/\/acpro-aocrp.ca\/fr\/wp-json\/wp\/v2\/media\/215"}],"wp:attachment":[{"href":"https:\/\/acpro-aocrp.ca\/fr\/wp-json\/wp\/v2\/media?parent=249"}],"curies":[{"name":"wp","href":"https:\/\/api.w.org\/{rel}","templated":true}]}}