{"id":246,"date":"2020-01-23T11:06:15","date_gmt":"2020-01-23T19:06:15","guid":{"rendered":"https:\/\/acpro-aocrp.ca\/psychology-in-canada\/"},"modified":"2024-06-14T10:26:00","modified_gmt":"2024-06-14T17:26:00","slug":"la-psychologie-au-canada","status":"publish","type":"page","link":"https:\/\/acpro-aocrp.ca\/fr\/la-psychologie-au-canada\/","title":{"rendered":"La psychologie au Canada"},"content":{"rendered":"\r\n<p class=\"wp-block-paragraph\">La pratique de la psychologie au Canada est r\u00e9glement\u00e9e \u00e0 l\u2019\u00e9chelle des provinces et des territoires pour prot\u00e9ger le public. Au Canada, sauf au Yukon, seuls les psychologues agr\u00e9\u00e9s ou autoris\u00e9s peuvent pratiquer la psychologie, et ils ne peuvent la pratiquer que dans la province ou le territoire o\u00f9 ils sont agr\u00e9\u00e9s ou autoris\u00e9s.<\/p>\r\n\r\n\r\n\r\n<p class=\"wp-block-paragraph\">Les psychologues agr\u00e9\u00e9s sont r\u00e9glement\u00e9s en tant que professionels de la sant\u00e9. En g\u00e9n\u00e9ral, ils offrent des services permettant de g\u00e9rer et d\u2019am\u00e9liorer le fonctionnement cognitif, comportemental, \u00e9motif, interpersonnel et physique des individus ou des groupes en utilisant des strat\u00e9gies d\u2019\u00e9valuation et d\u2019intervention psychologiques, notamment l\u2019\u00e9valuation psychom\u00e9trique et la psychoth\u00e9rapie. Dans le cadre de ce travail, les psychologues assurent \u00e9galement l\u2019\u00e9valuation et le diagnostic des troubles comportementaux, \u00e9motifs, cognitifs et mentaux.<\/p>\r\n\r\n\r\n\r\n<p class=\"wp-block-paragraph\">Le champ de la pratique de la psychologie est large. Le psychologue agr\u00e9\u00e9 travaille dans des milieux tr\u00e8s divers; il aide des clients de tous les \u00e2ges, aux prises avec une large gamme de probl\u00e8mes. En g\u00e9n\u00e9ral, il oriente sa pratique vers un domaine particulier : psychologie clinique, de counseling, judiciaire, de la sant\u00e9, de la r\u00e9adaptation, ou scolaire. Il peut mettre l\u2019accent sur l\u2019enseignement, la recherche, ou la psychologie du travail ou des organisations. Ses services sont offerts dans des contextes vari\u00e9s : pratique priv\u00e9e, \u00e9cole, clinique m\u00e9dicale, h\u00f4pital, prison, tribunal, agence de services sociaux, centre de r\u00e9adaptation, entreprise, universit\u00e9 ou autre.<\/p>\r\n","protected":false},"excerpt":{"rendered":"<p>La pratique de la psychologie au Canada est r\u00e9glement\u00e9e \u00e0 l\u2019\u00e9chelle des provinces et des territoires pour prot\u00e9ger le public. Au Canada, sauf au Yukon, seuls les psychologues agr\u00e9\u00e9s ou autoris\u00e9s peuvent pratiquer la psychologie, et ils ne peuvent la pratiquer que dans la province ou le territoire o\u00f9 ils sont agr\u00e9\u00e9s ou autoris\u00e9s. Les [&hellip;]<\/p>\n <a href=\"https:\/\/acpro-aocrp.ca\/fr\/la-psychologie-au-canada\/\" class=\"more-link\" rel=\"bookmark\">Lire la suite<\/a>","protected":false},"author":1,"featured_media":215,"parent":0,"menu_order":6,"comment_status":"closed","ping_status":"closed","template":"parallax-page.php","meta":{"_crdt_document":"","inline_featured_image":false,"_genesis_hide_title":false,"_genesis_hide_breadcrumbs":false,"_genesis_hide_singular_image":false,"_genesis_hide_footer_widgets":false,"_genesis_custom_body_class":"","_genesis_custom_post_class":"","_genesis_layout":"","footnotes":""},"class_list":{"0":"post-246","1":"page","2":"type-page","3":"status-publish","4":"has-post-thumbnail","6":"entry"},"_links":{"self":[{"href":"https:\/\/acpro-aocrp.ca\/fr\/wp-json\/wp\/v2\/pages\/246","targetHints":{"allow":["GET"]}}],"collection":[{"href":"https:\/\/acpro-aocrp.ca\/fr\/wp-json\/wp\/v2\/pages"}],"about":[{"href":"https:\/\/acpro-aocrp.ca\/fr\/wp-json\/wp\/v2\/types\/page"}],"author":[{"embeddable":true,"href":"https:\/\/acpro-aocrp.ca\/fr\/wp-json\/wp\/v2\/users\/1"}],"replies":[{"embeddable":true,"href":"https:\/\/acpro-aocrp.ca\/fr\/wp-json\/wp\/v2\/comments?post=246"}],"version-history":[{"count":3,"href":"https:\/\/acpro-aocrp.ca\/fr\/wp-json\/wp\/v2\/pages\/246\/revisions"}],"predecessor-version":[{"id":530,"href":"https:\/\/acpro-aocrp.ca\/fr\/wp-json\/wp\/v2\/pages\/246\/revisions\/530"}],"wp:featuredmedia":[{"embeddable":true,"href":"https:\/\/acpro-aocrp.ca\/fr\/wp-json\/wp\/v2\/media\/215"}],"wp:attachment":[{"href":"https:\/\/acpro-aocrp.ca\/fr\/wp-json\/wp\/v2\/media?parent=246"}],"curies":[{"name":"wp","href":"https:\/\/api.w.org\/{rel}","templated":true}]}}