{"id":242,"date":"2020-01-23T18:14:10","date_gmt":"2020-01-24T02:14:10","guid":{"rendered":"https:\/\/acpro-aocrp.ca\/au-sujet-de-laocrp\/publications\/"},"modified":"2020-05-10T23:20:55","modified_gmt":"2020-05-11T06:20:55","slug":"publications","status":"publish","type":"page","link":"https:\/\/acpro-aocrp.ca\/fr\/au-sujet-de-laocrp\/publications\/","title":{"rendered":"Publications"},"content":{"rendered":"\r\n<p class=\"wp-block-paragraph\"><a href=\"https:\/\/acpro-aocrp.ca\/wp-content\/uploads\/2020\/04\/ACPRO-Mod\u00e8le-de-normes-pour-la-prestation-de-services-de-t\u00e9l\u00e9psychologie.pdf\">Mod\u00e8le de normes de l\u2019AOCRP pour la prestation de services de t\u00e9l\u00e9psychologie (PDF)<\/a> : Ce document explique le mod\u00e8le de normes adopt\u00e9s par l\u2019AOCRP en mati\u00e8re de prestation de services de psychologie \u00e0 distance. Issues d\u2019un consensus sur les grands enjeux d\u2019int\u00e9r\u00eat commun en mati\u00e8re de r\u00e9glementation, ces normes sont con\u00e7ues pour aider les organismes de r\u00e9glementation des provinces et territoires. Elles n\u2019ont aucune validit\u00e9 tant qu\u2019elles ne sont pas adopt\u00e9es de fa\u00e7on officielle par un organisme membre.<\/p>\r\n\r\n\r\n\r\n<p class=\"wp-block-paragraph\"><a href=\"https:\/\/acpro-aocrp.ca\/wp-content\/uploads\/2020\/05\/Norme-nationale-d\u2019acc\u00e8s-\u00e0-l\u2019exercice-de-la-profession.pdf\">Norme nationale de l\u2019AOCRP pour l\u2019entr\u00e9e en pratique (PDF)<\/a> : En conformit\u00e9 avec notre mandat de protection du public, l\u2019AOCRP a publi\u00e9 une norme nationale d\u00e9finissant les exigences permettant de commencer \u00e0 pratiquer la psychologie.<\/p>\r\n\r\n\r\n\r\n<p class=\"wp-block-paragraph\"><a href=\"https:\/\/acpro-aocrp.ca\/wp-content\/uploads\/2020\/03\/Mutual-Recognition-Agreement-June-2004.pdf\">Accord de reconnaissance r\u00e9ciproque des organismes de r\u00e9glementation des psychologues professionnels au Canada (PDF)<\/a> : Les membres de l\u2019AOCRP ont conclu un Accord de reconnaissance r\u00e9ciproque (ARR) pour r\u00e9pondre \u00e0 leurs obligations en vertu de l\u2019Accord sur le commerce int\u00e9rieur (ACI), chapitre 7 (Mobilit\u00e9 de la main-d\u2019\u0153uvre), en 2001. (L\u2019ARR a \u00e9t\u00e9 amend\u00e9 en 2004). L\u2019ARR \u00e9tablit les conditions selon lesquelles un psychologue autoris\u00e9 ou agr\u00e9\u00e9, habilit\u00e9 \u00e0 exercer sans supervision dans une province ou un territoire canadien, verra ses qualifications reconnues dans une autre province ou un autre territoire. L\u2019ARR d\u00e9finit les comp\u00e9tences essentielles et la formation requises pour pouvoir obtenir l\u2019agr\u00e9ment au Canada.<\/p>\r\n","protected":false},"excerpt":{"rendered":"<p>Mod\u00e8le de normes de l\u2019AOCRP pour la prestation de services de t\u00e9l\u00e9psychologie (PDF) : Ce document explique le mod\u00e8le de normes adopt\u00e9s par l\u2019AOCRP en mati\u00e8re de prestation de services de psychologie \u00e0 distance. Issues d\u2019un consensus sur les grands enjeux d\u2019int\u00e9r\u00eat commun en mati\u00e8re de r\u00e9glementation, ces normes sont con\u00e7ues pour aider les organismes [&hellip;]<\/p>\n <a href=\"https:\/\/acpro-aocrp.ca\/fr\/au-sujet-de-laocrp\/publications\/\" class=\"more-link\" rel=\"bookmark\">Lire la suite<\/a>","protected":false},"author":1,"featured_media":166,"parent":222,"menu_order":10,"comment_status":"closed","ping_status":"closed","template":"parallax-page.php","meta":{"_crdt_document":"","inline_featured_image":false,"_genesis_hide_title":false,"_genesis_hide_breadcrumbs":false,"_genesis_hide_singular_image":false,"_genesis_hide_footer_widgets":false,"_genesis_custom_body_class":"","_genesis_custom_post_class":"","_genesis_layout":"","footnotes":""},"class_list":{"0":"post-242","1":"page","2":"type-page","3":"status-publish","4":"has-post-thumbnail","6":"entry"},"_links":{"self":[{"href":"https:\/\/acpro-aocrp.ca\/fr\/wp-json\/wp\/v2\/pages\/242","targetHints":{"allow":["GET"]}}],"collection":[{"href":"https:\/\/acpro-aocrp.ca\/fr\/wp-json\/wp\/v2\/pages"}],"about":[{"href":"https:\/\/acpro-aocrp.ca\/fr\/wp-json\/wp\/v2\/types\/page"}],"author":[{"embeddable":true,"href":"https:\/\/acpro-aocrp.ca\/fr\/wp-json\/wp\/v2\/users\/1"}],"replies":[{"embeddable":true,"href":"https:\/\/acpro-aocrp.ca\/fr\/wp-json\/wp\/v2\/comments?post=242"}],"version-history":[{"count":5,"href":"https:\/\/acpro-aocrp.ca\/fr\/wp-json\/wp\/v2\/pages\/242\/revisions"}],"predecessor-version":[{"id":456,"href":"https:\/\/acpro-aocrp.ca\/fr\/wp-json\/wp\/v2\/pages\/242\/revisions\/456"}],"up":[{"embeddable":true,"href":"https:\/\/acpro-aocrp.ca\/fr\/wp-json\/wp\/v2\/pages\/222"}],"wp:featuredmedia":[{"embeddable":true,"href":"https:\/\/acpro-aocrp.ca\/fr\/wp-json\/wp\/v2\/media\/166"}],"wp:attachment":[{"href":"https:\/\/acpro-aocrp.ca\/fr\/wp-json\/wp\/v2\/media?parent=242"}],"curies":[{"name":"wp","href":"https:\/\/api.w.org\/{rel}","templated":true}]}}