{"id":225,"date":"2020-01-23T18:12:55","date_gmt":"2020-01-24T02:12:55","guid":{"rendered":"https:\/\/acpro-aocrp.ca\/au-sujet-de-laocrp\/canadian-psychology-regulatory-organizations\/"},"modified":"2026-02-20T11:45:54","modified_gmt":"2026-02-20T19:45:54","slug":"canadian-psychology-regulatory-organizations","status":"publish","type":"page","link":"https:\/\/acpro-aocrp.ca\/fr\/au-sujet-de-laocrp\/canadian-psychology-regulatory-organizations\/","title":{"rendered":"Organismes canadiens de r\u00e9glementation en psychologie"},"content":{"rendered":"<p>L\u2019AOCRP est form\u00e9e des onze organismes provinciaux et territoriaux qui r\u00e9glementent la psychologie au Canada. Chaque personne nomm\u00e9e sur cette page est membre du conseil d\u2019administration de l\u2019AOCRP\/ACPRO.<\/p>\n<ul class=\"orgs\">\n<li style=\"list-style-type: none;\">\n<ul class=\"orgs\">\n<li><img loading=\"lazy\" decoding=\"async\" class=\"wp-image-1436 alignleft\" src=\"https:\/\/acpro-aocrp.ca\/wp-content\/uploads\/2024\/07\/thumbnail_image001-300x99.jpg\" alt=\"\" width=\"182\" height=\"60\" srcset=\"https:\/\/acpro-aocrp.ca\/wp-content\/uploads\/2024\/07\/thumbnail_image001-300x99.jpg 300w, https:\/\/acpro-aocrp.ca\/wp-content\/uploads\/2024\/07\/thumbnail_image001.jpg 691w\" sizes=\"auto, (max-width: 182px) 100vw, 182px\" \/><br \/>\n<address><strong>College of Health and Care Professionals of BC<\/strong><br \/>\nRegistraire: Dianne Millette<br \/>\nBureau principal: 200 rue Granville, bureau 900<br \/>\nVancouver (Colombie-Britannique), V6C1s4<br \/>\nT\u00e9l\u00e9phone: 604-742-6715<br \/>\nSans frais: 1-877-742-6715<br \/>\nT\u00e9l\u00e9copie: 604-608-9863<br \/>\nSite web:\u00a0<a title=\"http:\/\/www.chcpbc.org\" href=\"http:\/\/www.chcpbc.org\/\" data-auth=\"NotApplicable\" data-linkindex=\"2\">www.chcpbc.org<\/a><\/address>\n<\/li>\n<li><img loading=\"lazy\" decoding=\"async\" class=\"size-full wp-image-237 alignleft\" src=\"https:\/\/acpro-aocrp.ca\/wp-content\/uploads\/2020\/03\/CoAP.png\" alt=\"College of Alberta Psychologists logo\" width=\"200\" height=\"71\" \/><br \/>\n<address><strong>College of Alberta Psychologists<\/strong><br \/>\nRegistraire : M. Richard Spelliscy<br \/>\n2100, place Sun Life<br \/>\n99 Street NW, bureau 10123<br \/>\nEdmonton (Alberta) T5J 3H1<br \/>\nT\u00e9l\u00e9phone\u00a0:\u00a0780.424.5070<br \/>\nSans frais en Alberta\u00a0: 1.800.659.0857<br \/>\nT\u00e9l\u00e9copie\u00a0: 780.420.1241<br \/>\nCourriel\u00a0:\u00a0<a href=\"mailto:psych@cap.ab.ca\">psych@cap.ab.ca<\/a><br \/>\n<a href=\"http:\/\/www.cap.ab.ca\">cap.ab.ca<\/a><\/address>\n<\/li>\n<li><img loading=\"lazy\" decoding=\"async\" class=\"size-full wp-image-228 alignleft\" src=\"https:\/\/acpro-aocrp.ca\/wp-content\/uploads\/2020\/03\/Saskatchewan-College-of-Psychologists.jpg\" alt=\"Saskatchewan College of Psychologists logo\" width=\"150\" height=\"200\" \/><br \/>\n<address><strong>Saskatchewan College of Psychologists<\/strong><br \/>\nRegistraire : Mme Carmel\u00a0Kleisinger<br \/>\n1026, rue Winnipeg<br \/>\nRegina (Saskatchewan) S4R 8P8<br \/>\nT\u00e9l\u00e9phone\u00a0: 306.352.1699<br \/>\nT\u00e9l\u00e9copie\u00a0: 306.352.1697<br \/>\nCourriel\u00a0: <a href=\"mailto:skcp@sasktel.net\">skcp@sasktel.net<\/a><br \/>\n<a href=\"http:\/\/www.skcp.ca\">skcp.ca<\/a><\/address>\n<\/li>\n<li><img loading=\"lazy\" decoding=\"async\" class=\"alignleft size-full wp-image-350\" src=\"https:\/\/acpro-aocrp.ca\/wp-content\/uploads\/2020\/03\/PAoM.png\" alt=\"The Psychological Association of Manitoba\" width=\"200\" height=\"32\" \/><br \/>\n<address><strong>Psychological Association of Manitoba<\/strong><br \/>\nRegistraire :\u00a0M. Hal Walbridge<br \/>\n584 Pembina Highway, bureau 208<br \/>\nWinnipeg (Manitoba) R3M 3X7<br \/>\nT\u00e9l\u00e9phone\u00a0: 204.487.0784<br \/>\nT\u00e9l\u00e9copie\u00a0: 204.489.8688<br \/>\nCourriel\u00a0: <a href=\"mailto:pam@mymts.net\">pam@mymts.net<\/a><br \/>\n<a href=\"http:\/\/www.cpmb.ca\">cpmb.ca<\/a><\/address>\n<\/li>\n<li><img loading=\"lazy\" decoding=\"async\" class=\"wp-image-1438 alignleft\" src=\"https:\/\/acpro-aocrp.ca\/wp-content\/uploads\/2025\/10\/Ontario-FR-e1759529102267.png\" alt=\"\" width=\"189\" height=\"41\" \/><br \/>\n<address><strong> L\u2019Ordre des Psychologues et des Analystes du Comportement de L\u2019Ontario<\/strong><br \/>\nRegistraire: Dr. Tony DeBono<br \/>\n500-110 Eglinton Avenue West<br \/>\nToronto, Ontario M4R 1A3<br \/>\nT\u00e9l\u00e9phone: 416.961.8817<br \/>\nSans frais: 1.800.489.8388<br \/>\nT\u00e9l\u00e9copie: 416.961.2635<br \/>\nCourriel: <a href=\"mailto:cpbao@cpbao.ca\">cpbao@cpbao.ca<\/a><br \/>\n<a href=\"https:\/\/cpo.on.ca\/\">cpo.on.ca<\/a><\/address>\n<\/li>\n<li><img loading=\"lazy\" decoding=\"async\" class=\"alignleft size-full wp-image-357\" src=\"https:\/\/acpro-aocrp.ca\/wp-content\/uploads\/2020\/03\/OdpdQ.png\" alt=\"Ordre des psychologues du quebec\" width=\"200\" height=\"69\" \/><br \/>\n<address><strong>Ordre des psychologues du Qu\u00e9bec<\/strong><br \/>\nSecr\u00e9taire g\u00e9n\u00e9ral\u00a0: M. St\u00e9phane Beaulieu<br \/>\n1100, avenue Beaumont, bureau 510<br \/>\nMont-Royal (Qu\u00e9bec) H3P 3H5<br \/>\nT\u00e9l\u00e9phone\u00a0: 514.738.1881<br \/>\nSans frais\u00a0: 1.800.363.2644<br \/>\nT\u00e9l\u00e9copie\u00a0: 514.738.8838<br \/>\nCourriel\u00a0: <a href=\"mailto:info@ordrepsy.qc.ca\">info@ordrepsy.qc.ca<\/a><br \/>\n<a href=\"http:\/\/www.ordrepsy.qc.ca\">ordrepsy.qc.ca<\/a><\/address>\n<\/li>\n<li><img loading=\"lazy\" decoding=\"async\" class=\"alignleft size-full wp-image-364\" src=\"https:\/\/acpro-aocrp.ca\/wp-content\/uploads\/2020\/03\/CoPoNB.png\" alt=\"College of Psychologists of New Brunswick\" width=\"200\" height=\"86\" \/><br \/>\n<address><strong>Coll\u00e8ge des psychologues du Nouveau-Brunswick<\/strong><br \/>\nRegistraire : M. Jacques Richard<br \/>\n236, rue St. George, bureau 435<br \/>\nMoncton (Nouveau-Brunswick) E1C 1W1<br \/>\nT\u00e9l\u00e9phone\u00a0: 506.382.1994<br \/>\nT\u00e9l\u00e9copie\u00a0: 506.857.9813<br \/>\nCourriel\u00a0: <a href=\"mailto:admin@cpnb.ca\">admin@cpnb.ca<\/a><br \/>\n<a href=\"https:\/\/www.cpnb.ca\/\">cpnb.ca<\/a><\/address>\n<\/li>\n<li><img loading=\"lazy\" decoding=\"async\" class=\"alignleft size-full wp-image-359\" src=\"https:\/\/acpro-aocrp.ca\/wp-content\/uploads\/2020\/03\/NSBoEiP.png\" alt=\"Nova Scotia Board of Examiners in Psychology\" width=\"200\" height=\"170\" \/><br \/>\n<address><strong>Nova Scotia Board of Examiners in Psychology<\/strong><br \/>\nRegistraire : M. Gordon Butler<br \/>\nThe Halifax Professional Centre<br \/>\n5991 Spring Garden Road, bureau 455<br \/>\nHalifax (Nouvelle-\u00c9cosse) B3H 1Y6<br \/>\nT\u00e9l\u00e9phone\u00a0: 902.423.2238<br \/>\nSans frais en Nouvelle-\u00c9cosse\u00a0: 1.844.423.2238<br \/>\nT\u00e9l\u00e9copie\u00a0: 902.423.0058<br \/>\nCourriel\u00a0: <a href=\"mailto:nsbep@nsbep.org\">nsbep@nsbep.org<\/a><br \/>\n<a href=\"http:\/\/www.nsbep.org\/\">nsbep.org<\/a><\/address>\n<\/li>\n<li>\n<address><strong>Prince Edward Island Psychologists Registration Board<\/strong><br \/>\nRegistraire : M. Philip Smith<br \/>\nT\u00e9l\u00e9phone\u00a0: 902.566.0549<br \/>\nCourriel\u00a0: <a href=\"mailto:peiprb@gmail.com\">peiprb@gmail.com<\/a><br \/>\n<a href=\"http:\/\/www.peipsychology.org\/peiprb\/\">peipsychology.org\/peiprb<\/a><\/address>\n<\/li>\n<li><img loading=\"lazy\" decoding=\"async\" class=\"alignleft size-full wp-image-361\" src=\"https:\/\/acpro-aocrp.ca\/wp-content\/uploads\/2020\/03\/NaLPB.png\" alt=\"Newfoundland and Labrador Psychology Board\" width=\"200\" height=\"41\" \/><br \/>\n<address><strong>Newfoundland and Labrador Psychology Board<\/strong><br \/>\nRegistraire : M. John Harnett<br \/>\nCase postale 8275, succursale A<br \/>\nSt. John\u2019s (Terre-Neuve) A1B 3N4<br \/>\nT\u00e9l\u00e9phone\u00a0: 709.579.6313<br \/>\nT\u00e9l\u00e9copie\u00a0: 709.753.6080 (s\u00e9curis\u00e9e)<br \/>\nCourriel\u00a0: <a href=\"mailto:registrar@nlpsychboard.ca\">registrar@nlpsychboard.ca<\/a><br \/>\n<a href=\"http:\/\/www.nlpsychboard.ca\">nlpsychboard.ca<\/a><\/address>\n<\/li>\n<li>\n<address><strong>Yukon Professional Licensing and Regulatory Affairs<\/strong><br \/>\nManager, Health Professions: Dr. Anne Pleydon<br \/>\nProfessional and Corporate Affairs<br \/>\nYG Community Services (C-5)<br \/>\nBox 2703<br \/>\nWhitehorse, YK\u00a0 \u00a0Y1A 2C6<br \/>\nT\u00e9l\u00e9phone\u00a0: 867.667.5111<br \/>\nCourriel\u00a0: <a title=\"mailto:psychologists@yukon.ca\" href=\"mailto:psychologists@yukon.ca\" data-linkindex=\"1\">psychologists@yukon.ca<\/a><br \/>\n<a title=\"https:\/\/yukon.ca\/en\/doing-business\/professional-licensing\/apply-psychologist-certificate\" href=\"https:\/\/yukon.ca\/en\/doing-business\/professional-licensing\/apply-psychologist-certificate\" data-auth=\"NotApplicable\" data-linkindex=\"2\">https:\/\/yukon.ca\/en\/doing-business\/professional-licensing\/apply-psychologist-certificate<\/a><\/address>\n<\/li>\n<li>\n<address><strong>NWT Professional Licensing<\/strong><br \/>\nRegistraire : M. Larry White<br \/>\nHealth and Social Services<br \/>\n5015-49th Street, 7th Floor<br \/>\nCase postale 1320<br \/>\nYellowknife\u00a0 (Territoires du Nord-Ouest) X1A 2L9<br \/>\nT\u00e9l\u00e9phone\u00a0: 867.767.9067<br \/>\nT\u00e9l\u00e9copie\u00a0: 867.873.0484<br \/>\nCourriel\u00a0: <a href=\"mailto:professional_licensing@gov.nt.ca\">professional_licensing@gov.nt.ca<\/a><br \/>\n<a href=\"https:\/\/www.hss.gov.nt.ca\/en\/services\/professional-licensing\">https:\/\/www.hss.gov.nt.ca\/en\/services\/professional-licensing<\/a><\/address>\n<\/li>\n<\/ul>\n<\/li>\n<\/ul>\n","protected":false},"excerpt":{"rendered":"<p>L\u2019AOCRP est form\u00e9e des onze organismes provinciaux et territoriaux qui r\u00e9glementent la psychologie au Canada. Chaque personne nomm\u00e9e sur cette page est membre du conseil d\u2019administration de l\u2019AOCRP\/ACPRO. College of Health and Care Professionals of BC Registraire: Dianne Millette Bureau principal: 200 rue Granville, bureau 900 Vancouver (Colombie-Britannique), V6C1s4 T\u00e9l\u00e9phone: 604-742-6715 Sans frais: 1-877-742-6715 T\u00e9l\u00e9copie: [&hellip;]<\/p>\n <a href=\"https:\/\/acpro-aocrp.ca\/fr\/au-sujet-de-laocrp\/canadian-psychology-regulatory-organizations\/\" class=\"more-link\" rel=\"bookmark\">Lire la suite<\/a>","protected":false},"author":1,"featured_media":166,"parent":222,"menu_order":0,"comment_status":"closed","ping_status":"closed","template":"parallax-page.php","meta":{"_crdt_document":"","inline_featured_image":false,"_genesis_hide_title":false,"_genesis_hide_breadcrumbs":false,"_genesis_hide_singular_image":false,"_genesis_hide_footer_widgets":false,"_genesis_custom_body_class":"","_genesis_custom_post_class":"","_genesis_layout":"","footnotes":""},"class_list":{"0":"post-225","1":"page","2":"type-page","3":"status-publish","4":"has-post-thumbnail","6":"entry"},"_links":{"self":[{"href":"https:\/\/acpro-aocrp.ca\/fr\/wp-json\/wp\/v2\/pages\/225","targetHints":{"allow":["GET"]}}],"collection":[{"href":"https:\/\/acpro-aocrp.ca\/fr\/wp-json\/wp\/v2\/pages"}],"about":[{"href":"https:\/\/acpro-aocrp.ca\/fr\/wp-json\/wp\/v2\/types\/page"}],"author":[{"embeddable":true,"href":"https:\/\/acpro-aocrp.ca\/fr\/wp-json\/wp\/v2\/users\/1"}],"replies":[{"embeddable":true,"href":"https:\/\/acpro-aocrp.ca\/fr\/wp-json\/wp\/v2\/comments?post=225"}],"version-history":[{"count":19,"href":"https:\/\/acpro-aocrp.ca\/fr\/wp-json\/wp\/v2\/pages\/225\/revisions"}],"predecessor-version":[{"id":1766,"href":"https:\/\/acpro-aocrp.ca\/fr\/wp-json\/wp\/v2\/pages\/225\/revisions\/1766"}],"up":[{"embeddable":true,"href":"https:\/\/acpro-aocrp.ca\/fr\/wp-json\/wp\/v2\/pages\/222"}],"wp:featuredmedia":[{"embeddable":true,"href":"https:\/\/acpro-aocrp.ca\/fr\/wp-json\/wp\/v2\/media\/166"}],"wp:attachment":[{"href":"https:\/\/acpro-aocrp.ca\/fr\/wp-json\/wp\/v2\/media?parent=225"}],"curies":[{"name":"wp","href":"https:\/\/api.w.org\/{rel}","templated":true}]}}