{"id":222,"date":"2020-03-21T12:04:33","date_gmt":"2020-03-21T19:04:33","guid":{"rendered":"https:\/\/acpro-aocrp.ca\/?page_id=222"},"modified":"2024-06-14T10:26:00","modified_gmt":"2024-06-14T17:26:00","slug":"au-sujet-de-laocrp","status":"publish","type":"page","link":"https:\/\/acpro-aocrp.ca\/fr\/au-sujet-de-laocrp\/","title":{"rendered":"Au sujet de l\u2019AOCRP"},"content":{"rendered":"\n<p class=\"wp-block-paragraph\">L\u2019Association des organisations canadiennes de r\u00e9glementation en psychologie (AOCRP) est une association nationale regroupant les organismes provinciaux et territoriaux qui r\u00e9glementent la pratique de la psychologie au Canada. Par la mise en commun de notre expertise, nous exprimons notre volont\u00e9 commune de prot\u00e9ger l\u2019int\u00e9r\u00eat public en assurant une pratique de la psychologie fond\u00e9e sur la comp\u00e9tence, l\u2019\u00e9thique et la s\u00e9curit\u00e9.<\/p>\n\n\n\n<p class=\"wp-block-paragraph\">L\u2019AOCRP s\u2019est fix\u00e9e les objectifs suivants :<\/p>\n\n\n\n<ul class=\"wp-block-list\"><li>favoriser les \u00e9changes d\u2019informations entre les organismes et la diffusion d\u2019informations pertinentes au moment opportun;<\/li><li>faciliter et mettre en \u0153uvre des strat\u00e9gies appuyant la mobilit\u00e9 professionnelle;<\/li><li>identifier les enjeux de r\u00e9glementation d\u2019int\u00e9r\u00eat commun, d\u00e9gager un consensus sur les politiques communes, et g\u00e9rer les divergences;<\/li><li>intervenir d\u2019une seule et m\u00eame voix quant aux questions li\u00e9es \u00e0 la r\u00e9glementation de la psychologie au Canada, en fonction de l\u2019entente existant entre les organismes membres de l\u2019Association;<\/li><li>favoriser les partenariats avec d\u2019autres organismes; et<\/li><li>promouvoir la visibilit\u00e9 nationale et internationale des enjeux et des positions en mati\u00e8re de r\u00e9glementation de la psychologie au Canada.<\/li><\/ul>\n\n\n\n<p class=\"wp-block-paragraph\">Les membres de l\u2019AOCRP ont un m\u00eame int\u00e9r\u00eat pour les normes r\u00e9gissant l\u2019entr\u00e9e en pratique et la pratique dans plusieurs territoires de comp\u00e9tence.<\/p>\n\n\n\n<p class=\"wp-block-paragraph\"><strong>Pour en savoir plus<\/strong><\/p>\n\n\n\n<ul class=\"wp-block-list\"><li><a href=\"https:\/\/acpro-aocrp.ca\/fr\/au-sujet-de-laocrp\/canadian-psychology-regulatory-organizations\/\">Organismes canadiens de r\u00e9glementation de la psychologie<\/a><\/li><li><a href=\"https:\/\/acpro-aocrp.ca\/fr\/au-sujet-de-laocrp\/nouvelles\/\">Nouvelles<\/a><\/li><li><a href=\"https:\/\/acpro-aocrp.ca\/fr\/au-sujet-de-laocrp\/publications\/\">Publications<\/a><\/li><li><a href=\"https:\/\/acpro-aocrp.ca\/fr\/au-sujet-de-laocrp\/reglements-de-laocrp\/\">R\u00e8glements de l\u2019AOCRP<\/a><\/li><\/ul>\n","protected":false},"excerpt":{"rendered":"<p>L\u2019Association des organisations canadiennes de r\u00e9glementation en psychologie (AOCRP) est une association nationale regroupant les organismes provinciaux et territoriaux qui r\u00e9glementent la pratique de la psychologie au Canada. Par la mise en commun de notre expertise, nous exprimons notre volont\u00e9 commune de prot\u00e9ger l\u2019int\u00e9r\u00eat public en assurant une pratique de la psychologie fond\u00e9e sur la [&hellip;]<\/p>\n <a href=\"https:\/\/acpro-aocrp.ca\/fr\/au-sujet-de-laocrp\/\" class=\"more-link\" rel=\"bookmark\">Lire la suite<\/a>","protected":false},"author":1,"featured_media":166,"parent":0,"menu_order":3,"comment_status":"closed","ping_status":"closed","template":"parallax-page.php","meta":{"_crdt_document":"","inline_featured_image":false,"_genesis_hide_title":false,"_genesis_hide_breadcrumbs":false,"_genesis_hide_singular_image":false,"_genesis_hide_footer_widgets":false,"_genesis_custom_body_class":"","_genesis_custom_post_class":"","_genesis_layout":"","footnotes":""},"class_list":{"0":"post-222","1":"page","2":"type-page","3":"status-publish","4":"has-post-thumbnail","6":"entry"},"_links":{"self":[{"href":"https:\/\/acpro-aocrp.ca\/fr\/wp-json\/wp\/v2\/pages\/222","targetHints":{"allow":["GET"]}}],"collection":[{"href":"https:\/\/acpro-aocrp.ca\/fr\/wp-json\/wp\/v2\/pages"}],"about":[{"href":"https:\/\/acpro-aocrp.ca\/fr\/wp-json\/wp\/v2\/types\/page"}],"author":[{"embeddable":true,"href":"https:\/\/acpro-aocrp.ca\/fr\/wp-json\/wp\/v2\/users\/1"}],"replies":[{"embeddable":true,"href":"https:\/\/acpro-aocrp.ca\/fr\/wp-json\/wp\/v2\/comments?post=222"}],"version-history":[{"count":3,"href":"https:\/\/acpro-aocrp.ca\/fr\/wp-json\/wp\/v2\/pages\/222\/revisions"}],"predecessor-version":[{"id":453,"href":"https:\/\/acpro-aocrp.ca\/fr\/wp-json\/wp\/v2\/pages\/222\/revisions\/453"}],"wp:featuredmedia":[{"embeddable":true,"href":"https:\/\/acpro-aocrp.ca\/fr\/wp-json\/wp\/v2\/media\/166"}],"wp:attachment":[{"href":"https:\/\/acpro-aocrp.ca\/fr\/wp-json\/wp\/v2\/media?parent=222"}],"curies":[{"name":"wp","href":"https:\/\/api.w.org\/{rel}","templated":true}]}}