{"id":1419,"date":"2024-06-14T11:44:26","date_gmt":"2024-06-14T18:44:26","guid":{"rendered":"https:\/\/acpro-aocrp.ca\/?page_id=1419"},"modified":"2025-10-03T14:20:03","modified_gmt":"2025-10-03T21:20:03","slug":"mou-acpro-telepsychologie-dune-juridiction-a-une-autre","status":"publish","type":"page","link":"https:\/\/acpro-aocrp.ca\/fr\/mou-acpro-telepsychologie-dune-juridiction-a-une-autre\/","title":{"rendered":"MOU ACPRO T\u00e9l\u00e9psychologie d&#8217;une juridiction \u00e0 une autre"},"content":{"rendered":"\n<p class=\"wp-block-paragraph\">Association des organismes canadiens de r\u00e9glementation en psychologie protocole d\u2019entente relatif \u00e0 la pratique de la t\u00e9l\u00e9psychologie d\u2019une juridiction \u00e0 une autre.<\/p>\n\n\n\n<p class=\"wp-block-paragraph\"><a href=\"https:\/\/acpro-aocrp.ca\/wp-content\/uploads\/2025\/10\/MOU-ACPRO-Telepsychologie-dune-jurisdiction-a-une-autre-Fr-En-Oct-3-2025.pdf\">MOU ACPRO T\u00e9l\u00e9psychologie d&#8217;une juridiction \u00e0 une autre.<\/a><\/p>\n\n\n\n<p class=\"wp-block-paragraph\"><\/p>\n","protected":false},"excerpt":{"rendered":"<p>Association des organismes canadiens de r\u00e9glementation en psychologie protocole d\u2019entente relatif \u00e0 la pratique de la t\u00e9l\u00e9psychologie d\u2019une juridiction \u00e0 une autre. MOU ACPRO T\u00e9l\u00e9psychologie d&#8217;une juridiction \u00e0 une autre.<\/p>\n <a href=\"https:\/\/acpro-aocrp.ca\/fr\/mou-acpro-telepsychologie-dune-juridiction-a-une-autre\/\" class=\"more-link\" rel=\"bookmark\">Lire la suite<\/a>","protected":false},"author":4,"featured_media":1387,"parent":0,"menu_order":7,"comment_status":"closed","ping_status":"closed","template":"parallax-page.php","meta":{"_crdt_document":"","inline_featured_image":false,"_genesis_hide_title":false,"_genesis_hide_breadcrumbs":false,"_genesis_hide_singular_image":false,"_genesis_hide_footer_widgets":false,"_genesis_custom_body_class":"","_genesis_custom_post_class":"","_genesis_layout":"","footnotes":""},"class_list":{"0":"post-1419","1":"page","2":"type-page","3":"status-publish","4":"has-post-thumbnail","6":"entry"},"_links":{"self":[{"href":"https:\/\/acpro-aocrp.ca\/fr\/wp-json\/wp\/v2\/pages\/1419","targetHints":{"allow":["GET"]}}],"collection":[{"href":"https:\/\/acpro-aocrp.ca\/fr\/wp-json\/wp\/v2\/pages"}],"about":[{"href":"https:\/\/acpro-aocrp.ca\/fr\/wp-json\/wp\/v2\/types\/page"}],"author":[{"embeddable":true,"href":"https:\/\/acpro-aocrp.ca\/fr\/wp-json\/wp\/v2\/users\/4"}],"replies":[{"embeddable":true,"href":"https:\/\/acpro-aocrp.ca\/fr\/wp-json\/wp\/v2\/comments?post=1419"}],"version-history":[{"count":5,"href":"https:\/\/acpro-aocrp.ca\/fr\/wp-json\/wp\/v2\/pages\/1419\/revisions"}],"predecessor-version":[{"id":1683,"href":"https:\/\/acpro-aocrp.ca\/fr\/wp-json\/wp\/v2\/pages\/1419\/revisions\/1683"}],"wp:featuredmedia":[{"embeddable":true,"href":"https:\/\/acpro-aocrp.ca\/fr\/wp-json\/wp\/v2\/media\/1387"}],"wp:attachment":[{"href":"https:\/\/acpro-aocrp.ca\/fr\/wp-json\/wp\/v2\/media?parent=1419"}],"curies":[{"name":"wp","href":"https:\/\/api.w.org\/{rel}","templated":true}]}}